{"id":867,"date":"2025-06-18T15:22:56","date_gmt":"2025-06-18T13:22:56","guid":{"rendered":"https:\/\/szineserzsebetvaros.hu\/?page_id=867"},"modified":"2025-06-18T16:34:27","modified_gmt":"2025-06-18T14:34:27","slug":"tell-me-your-opinion","status":"publish","type":"page","link":"https:\/\/szineserzsebetvaros.hu\/en\/tell-me-your-opinion\/","title":{"rendered":"Tell us what you think!"},"content":{"rendered":"<div data-elementor-type=\"wp-page\" data-elementor-id=\"867\" class=\"elementor elementor-867\" data-elementor-post-type=\"page\">\n\t\t\t\t<div class=\"elementor-element elementor-element-c9c8d88 e-flex e-con-boxed e-con e-parent\" data-id=\"c9c8d88\" data-element_type=\"container\" data-settings=\"{&quot;background_background&quot;:&quot;slideshow&quot;,&quot;background_slideshow_gallery&quot;:[{&quot;id&quot;:221,&quot;url&quot;:&quot;https:\\\/\\\/szineserzsebetvaros.hu\\\/wp-content\\\/uploads\\\/2025\\\/01\\\/52171325755_5c7908a76a_5k-scaled.jpg&quot;}],&quot;background_slideshow_loop&quot;:&quot;yes&quot;,&quot;background_slideshow_slide_duration&quot;:5000,&quot;background_slideshow_slide_transition&quot;:&quot;fade&quot;,&quot;background_slideshow_transition_duration&quot;:500}\">\n\t\t\t\t\t<div class=\"e-con-inner\">\n\t\t\t\t<div class=\"elementor-element elementor-element-905ff97 elementor-widget elementor-widget-heading\" data-id=\"905ff97\" data-element_type=\"widget\" data-widget_type=\"heading.default\">\n\t\t\t\t<div class=\"elementor-widget-container\">\n\t\t\t\t\t<h1 class=\"elementor-heading-title elementor-size-default\">Share your thoughts with us!<\/h1>\t\t\t\t<\/div>\n\t\t\t\t<\/div>\n\t\t\t\t\t<\/div>\n\t\t\t\t<\/div>\n\t\t<div class=\"elementor-element elementor-element-2fa2df4 e-flex e-con-boxed e-con e-parent\" data-id=\"2fa2df4\" data-element_type=\"container\">\n\t\t\t\t\t<div class=\"e-con-inner\">\n\t\t\t\t<div class=\"elementor-element elementor-element-838b8f2 elementor-widget elementor-widget-shortcode\" data-id=\"838b8f2\" data-element_type=\"widget\" data-widget_type=\"shortcode.default\">\n\t\t\t\t<div class=\"elementor-widget-container\">\n\t\t\t\t\t\t\t<div class=\"elementor-shortcode\"><div class=\"wpforms-container wpforms-container-full wpforms-render-modern\" id=\"wpforms-1025\"><form id=\"wpforms-form-1025\" class=\"wpforms-validate wpforms-form wpforms-ajax-form\" data-formid=\"1025\" method=\"post\" enctype=\"multipart\/form-data\" action=\"\/en\/wp-json\/wp\/v2\/pages\/867?wpforms_form_id=1025\" data-token=\"b524c28f5102ba17782e019416bc177c\" data-token-time=\"1775642859\" data-trp-original-action=\"\/en\/wp-json\/wp\/v2\/pages\/867?wpforms_form_id=1025\"><noscript class=\"wpforms-error-noscript\">Please enable JavaScript in your browser to complete this form.<\/noscript><div class=\"wpforms-hidden\" id=\"wpforms-error-noscript\">Please enable JavaScript in your browser to complete this form.<\/div><div class=\"wpforms-field-container\"><div id=\"wpforms-1025-field_1-container\" class=\"wpforms-field wpforms-field-name\" data-field-id=\"1\"><fieldset><legend class=\"wpforms-field-label\">Name <span class=\"wpforms-required-label\" aria-hidden=\"true\">*<\/span><\/legend><div class=\"wpforms-field-row wpforms-field-medium\"><div class=\"wpforms-field-row-block wpforms-first wpforms-one-half\"><input type=\"text\" id=\"wpforms-1025-field_1\" class=\"wpforms-field-name-first wpforms-field-required\" name=\"wpforms[fields][1][first]\" placeholder=\"First name\" aria-errormessage=\"wpforms-1025-field_1-error\" required><label for=\"wpforms-1025-field_1\" class=\"wpforms-field-sublabel after wpforms-sublabel-hide\">First<\/label><\/div><div class=\"wpforms-field-row-block wpforms-one-half\"><input type=\"text\" id=\"wpforms-1025-field_1-last\" class=\"wpforms-field-name-last wpforms-field-required\" name=\"wpforms[fields][1][last]\" placeholder=\"Last name\" aria-errormessage=\"wpforms-1025-field_1-last-error\" required><label for=\"wpforms-1025-field_1-last\" class=\"wpforms-field-sublabel after wpforms-sublabel-hide\">Last<\/label><\/div><\/div><\/fieldset><\/div><div id=\"wpforms-1025-field_5-container\" class=\"wpforms-field wpforms-field-phone\" data-field-id=\"5\"><label class=\"wpforms-field-label\" for=\"wpforms-1025-field_5\">Phone number<\/label><input type=\"tel\" id=\"wpforms-1025-field_5\" class=\"wpforms-field-medium wpforms-smart-phone-field\" data-rule-smart-phone-field=\"true\" name=\"wpforms[fields][5]\" value=\"+36\" aria-label=\"Phone number\" aria-errormessage=\"wpforms-1025-field_5-error\" ><\/div><div id=\"wpforms-1025-field_2-container\" class=\"wpforms-field wpforms-field-email\" data-field-id=\"2\"><label class=\"wpforms-field-label\" for=\"wpforms-1025-field_2\">E-mail <span class=\"wpforms-required-label\" aria-hidden=\"true\">*<\/span><\/label><input type=\"email\" id=\"wpforms-1025-field_2\" class=\"wpforms-field-medium wpforms-field-required\" name=\"wpforms[fields][2]\" spellcheck=\"false\" aria-errormessage=\"wpforms-1025-field_2-error\" required><\/div><div id=\"wpforms-1025-field_3-container\" class=\"wpforms-field wpforms-field-textarea\" data-field-id=\"3\"><label class=\"wpforms-field-label\" for=\"wpforms-1025-field_3\">Message <span class=\"wpforms-required-label\" aria-hidden=\"true\">*<\/span><\/label><textarea id=\"wpforms-1025-field_3\" class=\"wpforms-field-medium wpforms-field-required\" name=\"wpforms[fields][3]\" aria-errormessage=\"wpforms-1025-field_3-error\" required><\/textarea><\/div><div id=\"wpforms-1025-field_4-container\" class=\"wpforms-field wpforms-field-file-upload\" data-field-id=\"4\"><label class=\"wpforms-field-label\" for=\"wpforms-1025-field_4\">File upload<\/label><div\n\t\tclass=\"wpforms-uploader\"\n\t\tdata-field-id=\"4\"\n\t\tdata-form-id=\"1025\"\n\t\tdata-input-name=\"wpforms_1025_4\"\n\t\tdata-extensions=\"jpg,jpeg,jpe,gif,png,bmp,tiff,tif,webp,avif,ico,heic,heif,heics,heifs,asf,asx,wmv,wmx,wm,avi,divx,mov,qt,mpeg,mpg,mpe,mp4,m4v,ogv,webm,mkv,3gp,3gpp,3g2,3gp2,txt,asc,c,cc,h,srt,csv,tsv,ics,rtx,css,vtt,mp3,m4a,m4b,aac,ra,ram,wav,x-wav,ogg,oga,flac,mid,midi,wma,wax,mka,rtf,pdf,class,tar,zip,gz,gzip,rar,7z,psd,xcf,doc,pot,pps,ppt,wri,xla,xls,xlt,xlw,mpp,docx,docm,dotx,dotm,xlsx,xlsm,xlsb,xltx,xltm,xlam,pptx,pptm,ppsx,ppsm,potx,potm,ppam,sldx,sldm,onetoc,onetoc2,onepkg,oxps,xps,odt,odp,ods,odg,odc,odb,odf,wp,wpd,key,numbers,pages\"\n\t\tdata-max-size=\"104857600\"\n\t\tdata-max-file-number=\"10\"\n\t\tdata-post-max-size=\"2147483648\"\n\t\tdata-max-parallel-uploads=\"4\"\n\t\tdata-parallel-uploads=\"true\"\n\t\tdata-file-chunk-size=\"2097152\">\n\t<div class=\"dz-message\">\n\t\t<svg viewbox=\"0 0 1024 1024\" focusable=\"false\" data-icon=\"inbox\" width=\"50px\" height=\"50px\" fill=\"currentColor\" aria-hidden=\"true\">\n\t\t\t<path d=\"M885.2 446.3l-.2-.8-112.2-285.1c-5-16.1-19.9-27.2-36.8-27.2H281.2c-17 0-32.1 11.3-36.9 27.6L139.4 443l-.3.7-.2.8c-1.3 4.9-1.7 9.9-1 14.8-.1 1.6-.2 3.2-.2 4.8V830a60.9 60.9 0 0 0 60.8 60.8h627.2c33.5 0 60.8-27.3 60.9-60.8V464.1c0-1.3 0-2.6-.1-3.7.4-4.9 0-9.6-1.3-14.1zm-295.8-43l-.3 15.7c-.8 44.9-31.8 75.1-77.1 75.1-22.1 0-41.1-7.1-54.8-20.6S436 441.2 435.6 419l-.3-15.7H229.5L309 210h399.2l81.7 193.3H589.4zm-375 76.8h157.3c24.3 57.1 76 90.8 140.4 90.8 33.7 0 65-9.4 90.3-27.2 22.2-15.6 39.5-37.4 50.7-63.6h156.5V814H214.4V480.1z\"><\/path>\n\t\t<\/svg>\n\t\t<span class=\"modern-title\">Click or drag files to this area to upload.<\/span>\n\n\t\t\t\t\t<span class=\"modern-hint\">You can upload up to 10 files.<\/span>\n\t\t\t<\/div>\n<\/div>\n<input\n\t\ttype=\"text\"\n\t\tautocomplete=\"off\"\n\t\treadonly\n\t\tclass=\"dropzone-input\"\n\t\tstyle=\"position:absolute!important;clip:rect(0,0,0,0)!important;height:1px!important;width:1px!important;border:0!important;overflow:hidden!important;padding:0!important;margin:0!important;\"\n\t\tid=\"wpforms-1025-field_4\"\n\t\tname=\"wpforms_1025_4\" \t\tvalue=\"\">\n<div id=\"wpforms-1025-field_4-description\" class=\"wpforms-field-description\">Drag all relevant files here<\/div><\/div><div id=\"wpforms-1025-field_6-container\" class=\"wpforms-field wpforms-field-checkbox\" data-field-id=\"6\"><fieldset><legend class=\"wpforms-field-label wpforms-label-hide\" aria-hidden=\"false\">Tick the appropriate one.<\/legend><ul id=\"wpforms-1025-field_6\"><li class=\"choice-1 depth-1\"><input type=\"checkbox\" id=\"wpforms-1025-field_6_1\" name=\"wpforms[fields][6][]\" value=\"H\u00edrlev\u00e9l feliratkoz\u00e1s\" aria-errormessage=\"wpforms-1025-field_6_1-error\"  ><label class=\"wpforms-field-label-inline\" for=\"wpforms-1025-field_6_1\">Newsletter subscription<\/label><\/li><li class=\"choice-5 depth-1\"><input type=\"checkbox\" id=\"wpforms-1025-field_6_5\" name=\"wpforms[fields][6][]\" value=\"Jelentkezem \u00d6nk\u00e9ntesnek\" aria-errormessage=\"wpforms-1025-field_6_5-error\"  ><label class=\"wpforms-field-label-inline\" for=\"wpforms-1025-field_6_5\">I want to volunteer.<\/label><\/li><\/ul><\/fieldset><\/div><div id=\"wpforms-1025-field_9-container\" class=\"wpforms-field wpforms-field-html\" data-field-id=\"9\"><div id=\"wpforms-1025-field_9\" aria-errormessage=\"wpforms-1025-field_9-error\"><a href=\"https:\/\/szineserzsebetvaros.hu\/en\/colorful-erzbebetvaros-association-data-processing-information\/\" target=\"_blank\">Colorful Erzs\u00e9betv\u00e1ros Association data management information<\/a>\r\n<\/div><\/div><div id=\"wpforms-1025-field_10-container\" class=\"wpforms-field wpforms-field-html\" data-field-id=\"10\"><div id=\"wpforms-1025-field_10\" aria-errormessage=\"wpforms-1025-field_10-error\"><a href=\"https:\/\/szineserzsebetvaros.hu\/en\/elementor-page-1217\/\" target=\"_blank\">City of Short Distances Foundation data management information<\/a><\/div><\/div><div id=\"wpforms-1025-field_11-container\" class=\"wpforms-field wpforms-field-gdpr-checkbox\" data-field-id=\"11\"><label class=\"wpforms-field-label wpforms-label-hide\" aria-hidden=\"false\">GDPR <span class=\"wpforms-required-label\" aria-hidden=\"true\">*<\/span><\/label><ul id=\"wpforms-1025-field_11\" class=\"wpforms-field-required\"><li class=\"choice-1\"><input type=\"checkbox\" id=\"wpforms-1025-field_11_1\" name=\"wpforms[fields][11][]\" value=\"&lt;b&gt;Elolvastam \u00e9s elfogadom&lt;\/b&gt; Sz\u00ednes Erzs\u00e9betv\u00e1ros Egyes\u00fclet \u00e9s a Kis T\u00e1vols\u00e1gok V\u00e1rosa Alap\u00edtv\u00e1ny adatkezel\u00e9si t\u00e1j\u00e9koztat\u00f3j\u00e1t\" aria-errormessage=\"wpforms-1025-field_11_1-error\" required><label class=\"wpforms-field-label-inline\" for=\"wpforms-1025-field_11_1\"><b>I have read and accept<\/b> The data management information of the Colorful Erzs\u00e9betv\u00e1ros Association and the City of Short Distances Foundation <span class=\"wpforms-required-label\" aria-hidden=\"true\">*<\/span><\/label><\/li><\/ul><\/div><\/div><!-- .wpforms-field-container --><div class=\"wpforms-recaptcha-container wpforms-is-recaptcha wpforms-is-recaptcha-type-v3\" ><input type=\"hidden\" name=\"wpforms[recaptcha]\" value=\"\"><\/div><div class=\"wpforms-submit-container\" ><input type=\"hidden\" name=\"wpforms[id]\" value=\"1025\"><input type=\"hidden\" name=\"page_title\" value=\"\"><input type=\"hidden\" name=\"page_url\" value=\"https:\/\/szineserzsebetvaros.hu\/en\/wp-json\/wp\/v2\/pages\/867\"><button type=\"submit\" name=\"wpforms[submit]\" id=\"wpforms-submit-1025\" class=\"wpforms-submit\" data-alt-text=\"K\u00fcld\u00e9s...\" data-submit-text=\"Bek\u00fcd\u00e9s\" aria-live=\"assertive\" value=\"wpforms-submit\">Submit<\/button><img decoding=\"async\" src=\"https:\/\/szineserzsebetvaros.hu\/wp-content\/plugins\/wpforms\/assets\/images\/submit-spin.svg\" class=\"wpforms-submit-spinner\" style=\"display: none;\" width=\"26\" height=\"26\" alt=\"Loading\"><\/div><input type=\"hidden\" name=\"trp-form-language\" value=\"en\"\/><\/form><\/div>  <!-- .wpforms-container --><\/div>\n\t\t\t\t\t\t<\/div>\n\t\t\t\t<\/div>\n\t\t\t\t<div class=\"elementor-element elementor-element-7610724 elementor-nav-menu--dropdown-none elementor-fixed elementor-hidden-mobile elementor-widget elementor-widget-nav-menu\" data-id=\"7610724\" data-element_type=\"widget\" data-settings=\"{&quot;layout&quot;:&quot;vertical&quot;,&quot;_position&quot;:&quot;fixed&quot;,&quot;submenu_icon&quot;:{&quot;value&quot;:&quot;&lt;svg aria-hidden=\\&quot;true\\&quot; class=\\&quot;e-font-icon-svg e-fas-caret-down\\&quot; viewBox=\\&quot;0 0 320 512\\&quot; xmlns=\\&quot;http:\\\/\\\/www.w3.org\\\/2000\\\/svg\\&quot;&gt;&lt;path d=\\&quot;M31.3 192h257.3c17.8 0 26.7 21.5 14.1 34.1L174.1 354.8c-7.8 7.8-20.5 7.8-28.3 0L17.2 226.1C4.6 213.5 13.5 192 31.3 192z\\&quot;&gt;&lt;\\\/path&gt;&lt;\\\/svg&gt;&quot;,&quot;library&quot;:&quot;fa-solid&quot;}}\" data-widget_type=\"nav-menu.default\">\n\t\t\t\t<div class=\"elementor-widget-container\">\n\t\t\t\t\t\t\t\t<nav aria-label=\"Menu\" class=\"elementor-nav-menu--main elementor-nav-menu__container elementor-nav-menu--layout-vertical e--pointer-none\">\n\t\t\t\t<ul id=\"menu-1-7610724\" class=\"elementor-nav-menu sm-vertical\"><li class=\"menu-item menu-item-type-post_type menu-item-object-page menu-item-997\"><a href=\"https:\/\/szineserzsebetvaros.hu\/en\/setalo-district\/\" class=\"elementor-item\">Pedestrian District Home Page<\/a><\/li>\n<li class=\"menu-item menu-item-type-post_type menu-item-object-page menu-item-881\"><a href=\"https:\/\/szineserzsebetvaros.hu\/en\/about-the-project\/\" class=\"elementor-item\">About the project<\/a><\/li>\n<li class=\"menu-item menu-item-type-post_type menu-item-object-page menu-item-988\"><a href=\"https:\/\/szineserzsebetvaros.hu\/en\/traffic-changes\/\" class=\"elementor-item\">Traffic changes<\/a><\/li>\n<li class=\"menu-item menu-item-type-post_type menu-item-object-page menu-item-905\"><a href=\"https:\/\/szineserzsebetvaros.hu\/en\/lizard\/\" class=\"elementor-item\">FAQ<\/a><\/li>\n<\/ul>\t\t\t<\/nav>\n\t\t\t\t\t\t<nav class=\"elementor-nav-menu--dropdown elementor-nav-menu__container\" aria-hidden=\"true\">\n\t\t\t\t<ul id=\"menu-2-7610724\" class=\"elementor-nav-menu sm-vertical\"><li class=\"menu-item menu-item-type-post_type menu-item-object-page menu-item-997\"><a href=\"https:\/\/szineserzsebetvaros.hu\/en\/setalo-district\/\" class=\"elementor-item\" tabindex=\"-1\">Pedestrian District Home Page<\/a><\/li>\n<li class=\"menu-item menu-item-type-post_type menu-item-object-page menu-item-881\"><a href=\"https:\/\/szineserzsebetvaros.hu\/en\/about-the-project\/\" class=\"elementor-item\" tabindex=\"-1\">About the project<\/a><\/li>\n<li class=\"menu-item menu-item-type-post_type menu-item-object-page menu-item-988\"><a href=\"https:\/\/szineserzsebetvaros.hu\/en\/traffic-changes\/\" class=\"elementor-item\" tabindex=\"-1\">Traffic changes<\/a><\/li>\n<li class=\"menu-item menu-item-type-post_type menu-item-object-page menu-item-905\"><a href=\"https:\/\/szineserzsebetvaros.hu\/en\/lizard\/\" class=\"elementor-item\" tabindex=\"-1\">FAQ<\/a><\/li>\n<\/ul>\t\t\t<\/nav>\n\t\t\t\t\t\t<\/div>\n\t\t\t\t<\/div>\n\t\t\t\t\t<\/div>\n\t\t\t\t<\/div>\n\t\t\t\t<\/div>","protected":false},"excerpt":{"rendered":"<p>Share your thoughts with us!<\/p>","protected":false},"author":1,"featured_media":852,"parent":0,"menu_order":0,"comment_status":"closed","ping_status":"closed","template":"","meta":{"give_campaign_id":0,"footnotes":""},"class_list":["post-867","page","type-page","status-publish","has-post-thumbnail","hentry"],"yoast_head":"<!-- This site is optimized with the Yoast SEO Premium plugin v26.2 (Yoast SEO v26.3) - https:\/\/yoast.com\/wordpress\/plugins\/seo\/ -->\n<title>Mondd el a v\u00e9lem\u00e9nyed! - Sz\u00ednes Erzs\u00e9betv\u00e1ros<\/title>\n<meta name=\"robots\" content=\"index, follow, max-snippet:-1, max-image-preview:large, max-video-preview:-1\" \/>\n<link rel=\"canonical\" href=\"https:\/\/szineserzsebetvaros.hu\/en\/tell-me-your-opinion\/\" \/>\n<meta property=\"og:locale\" content=\"en_US\" \/>\n<meta property=\"og:type\" content=\"article\" \/>\n<meta property=\"og:title\" content=\"Mondd el a v\u00e9lem\u00e9nyed!\" \/>\n<meta property=\"og:description\" content=\"Oszd meg vel\u00fcnk v\u00e9lem\u00e9nyed!\" \/>\n<meta property=\"og:url\" content=\"https:\/\/szineserzsebetvaros.hu\/en\/tell-me-your-opinion\/\" \/>\n<meta property=\"og:site_name\" content=\"Sz\u00ednes Erzs\u00e9betv\u00e1ros\" \/>\n<meta property=\"article:publisher\" content=\"https:\/\/www.facebook.com\/szineserzsebetvaros\" \/>\n<meta property=\"article:modified_time\" content=\"2025-06-18T14:34:27+00:00\" \/>\n<meta property=\"og:image\" content=\"https:\/\/szineserzsebetvaros.hu\/wp-content\/uploads\/2025\/06\/PXL_20240922_093522492-scaled-e1750071707825.jpg\" \/>\n\t<meta property=\"og:image:width\" content=\"2560\" \/>\n\t<meta property=\"og:image:height\" content=\"820\" \/>\n\t<meta property=\"og:image:type\" content=\"image\/jpeg\" \/>\n<meta name=\"twitter:card\" content=\"summary_large_image\" \/>\n<script type=\"application\/ld+json\" class=\"yoast-schema-graph\">{\"@context\":\"https:\/\/schema.org\",\"@graph\":[{\"@type\":\"WebPage\",\"@id\":\"https:\/\/szineserzsebetvaros.hu\/mondd-el-a-velemenyed\/\",\"url\":\"https:\/\/szineserzsebetvaros.hu\/mondd-el-a-velemenyed\/\",\"name\":\"Mondd el a v\u00e9lem\u00e9nyed! - Sz\u00ednes Erzs\u00e9betv\u00e1ros\",\"isPartOf\":{\"@id\":\"https:\/\/szineserzsebetvaros.hu\/#website\"},\"primaryImageOfPage\":{\"@id\":\"https:\/\/szineserzsebetvaros.hu\/mondd-el-a-velemenyed\/#primaryimage\"},\"image\":{\"@id\":\"https:\/\/szineserzsebetvaros.hu\/mondd-el-a-velemenyed\/#primaryimage\"},\"thumbnailUrl\":\"https:\/\/szineserzsebetvaros.hu\/wp-content\/uploads\/2025\/06\/PXL_20240922_093522492-scaled-e1750071707825.jpg\",\"datePublished\":\"2025-06-18T13:22:56+00:00\",\"dateModified\":\"2025-06-18T14:34:27+00:00\",\"breadcrumb\":{\"@id\":\"https:\/\/szineserzsebetvaros.hu\/mondd-el-a-velemenyed\/#breadcrumb\"},\"inLanguage\":\"en-US\",\"potentialAction\":[{\"@type\":\"ReadAction\",\"target\":[\"https:\/\/szineserzsebetvaros.hu\/mondd-el-a-velemenyed\/\"]}]},{\"@type\":\"ImageObject\",\"inLanguage\":\"en-US\",\"@id\":\"https:\/\/szineserzsebetvaros.hu\/mondd-el-a-velemenyed\/#primaryimage\",\"url\":\"https:\/\/szineserzsebetvaros.hu\/wp-content\/uploads\/2025\/06\/PXL_20240922_093522492-scaled-e1750071707825.jpg\",\"contentUrl\":\"https:\/\/szineserzsebetvaros.hu\/wp-content\/uploads\/2025\/06\/PXL_20240922_093522492-scaled-e1750071707825.jpg\",\"width\":2560,\"height\":820},{\"@type\":\"BreadcrumbList\",\"@id\":\"https:\/\/szineserzsebetvaros.hu\/mondd-el-a-velemenyed\/#breadcrumb\",\"itemListElement\":[{\"@type\":\"ListItem\",\"position\":1,\"name\":\"Kezd\u0151lap\",\"item\":\"https:\/\/szineserzsebetvaros.hu\/\"},{\"@type\":\"ListItem\",\"position\":2,\"name\":\"Mondd el a v\u00e9lem\u00e9nyed!\"}]},{\"@type\":\"WebSite\",\"@id\":\"https:\/\/szineserzsebetvaros.hu\/#website\",\"url\":\"https:\/\/szineserzsebetvaros.hu\/\",\"name\":\"Sz\u00ednes Erzs\u00e9betv\u00e1ros\",\"description\":\"Erzs\u00e9betv\u00e1ros, Budapest VII. ker\u00fclet\u00e9nek port\u00e1lja\",\"publisher\":{\"@id\":\"https:\/\/szineserzsebetvaros.hu\/#organization\"},\"potentialAction\":[{\"@type\":\"SearchAction\",\"target\":{\"@type\":\"EntryPoint\",\"urlTemplate\":\"https:\/\/szineserzsebetvaros.hu\/?s={search_term_string}\"},\"query-input\":{\"@type\":\"PropertyValueSpecification\",\"valueRequired\":true,\"valueName\":\"search_term_string\"}}],\"inLanguage\":\"en-US\"},{\"@type\":\"Organization\",\"@id\":\"https:\/\/szineserzsebetvaros.hu\/#organization\",\"name\":\"Sz\u00ednes Erzs\u00e9betv\u00e1ros\",\"url\":\"https:\/\/szineserzsebetvaros.hu\/\",\"logo\":{\"@type\":\"ImageObject\",\"inLanguage\":\"en-US\",\"@id\":\"https:\/\/szineserzsebetvaros.hu\/#\/schema\/logo\/image\/\",\"url\":\"https:\/\/szineserzsebetvaros.hu\/wp-content\/uploads\/2024\/10\/SZEVlogo_color-2.png\",\"contentUrl\":\"https:\/\/szineserzsebetvaros.hu\/wp-content\/uploads\/2024\/10\/SZEVlogo_color-2.png\",\"width\":350,\"height\":102,\"caption\":\"Sz\u00ednes Erzs\u00e9betv\u00e1ros\"},\"image\":{\"@id\":\"https:\/\/szineserzsebetvaros.hu\/#\/schema\/logo\/image\/\"},\"sameAs\":[\"https:\/\/www.facebook.com\/szineserzsebetvaros\"]}]}<\/script>\n<!-- \/ Yoast SEO Premium plugin. -->","yoast_head_json":{"title":"Mondd el a v\u00e9lem\u00e9nyed! - Sz\u00ednes Erzs\u00e9betv\u00e1ros","robots":{"index":"index","follow":"follow","max-snippet":"max-snippet:-1","max-image-preview":"max-image-preview:large","max-video-preview":"max-video-preview:-1"},"canonical":"https:\/\/szineserzsebetvaros.hu\/en\/tell-me-your-opinion\/","og_locale":"en_US","og_type":"article","og_title":"Mondd el a v\u00e9lem\u00e9nyed!","og_description":"Oszd meg vel\u00fcnk v\u00e9lem\u00e9nyed!","og_url":"https:\/\/szineserzsebetvaros.hu\/en\/tell-me-your-opinion\/","og_site_name":"Sz\u00ednes Erzs\u00e9betv\u00e1ros","article_publisher":"https:\/\/www.facebook.com\/szineserzsebetvaros","article_modified_time":"2025-06-18T14:34:27+00:00","og_image":[{"width":2560,"height":820,"url":"https:\/\/szineserzsebetvaros.hu\/wp-content\/uploads\/2025\/06\/PXL_20240922_093522492-scaled-e1750071707825.jpg","type":"image\/jpeg"}],"twitter_card":"summary_large_image","schema":{"@context":"https:\/\/schema.org","@graph":[{"@type":"WebPage","@id":"https:\/\/szineserzsebetvaros.hu\/mondd-el-a-velemenyed\/","url":"https:\/\/szineserzsebetvaros.hu\/mondd-el-a-velemenyed\/","name":"Mondd el a v\u00e9lem\u00e9nyed! - Sz\u00ednes Erzs\u00e9betv\u00e1ros","isPartOf":{"@id":"https:\/\/szineserzsebetvaros.hu\/#website"},"primaryImageOfPage":{"@id":"https:\/\/szineserzsebetvaros.hu\/mondd-el-a-velemenyed\/#primaryimage"},"image":{"@id":"https:\/\/szineserzsebetvaros.hu\/mondd-el-a-velemenyed\/#primaryimage"},"thumbnailUrl":"https:\/\/szineserzsebetvaros.hu\/wp-content\/uploads\/2025\/06\/PXL_20240922_093522492-scaled-e1750071707825.jpg","datePublished":"2025-06-18T13:22:56+00:00","dateModified":"2025-06-18T14:34:27+00:00","breadcrumb":{"@id":"https:\/\/szineserzsebetvaros.hu\/mondd-el-a-velemenyed\/#breadcrumb"},"inLanguage":"en-US","potentialAction":[{"@type":"ReadAction","target":["https:\/\/szineserzsebetvaros.hu\/mondd-el-a-velemenyed\/"]}]},{"@type":"ImageObject","inLanguage":"en-US","@id":"https:\/\/szineserzsebetvaros.hu\/mondd-el-a-velemenyed\/#primaryimage","url":"https:\/\/szineserzsebetvaros.hu\/wp-content\/uploads\/2025\/06\/PXL_20240922_093522492-scaled-e1750071707825.jpg","contentUrl":"https:\/\/szineserzsebetvaros.hu\/wp-content\/uploads\/2025\/06\/PXL_20240922_093522492-scaled-e1750071707825.jpg","width":2560,"height":820},{"@type":"BreadcrumbList","@id":"https:\/\/szineserzsebetvaros.hu\/mondd-el-a-velemenyed\/#breadcrumb","itemListElement":[{"@type":"ListItem","position":1,"name":"Kezd\u0151lap","item":"https:\/\/szineserzsebetvaros.hu\/"},{"@type":"ListItem","position":2,"name":"Mondd el a v\u00e9lem\u00e9nyed!"}]},{"@type":"WebSite","@id":"https:\/\/szineserzsebetvaros.hu\/#website","url":"https:\/\/szineserzsebetvaros.hu\/","name":"Sz\u00ednes Erzs\u00e9betv\u00e1ros","description":"Erzs\u00e9betv\u00e1ros, Budapest VII. ker\u00fclet\u00e9nek port\u00e1lja","publisher":{"@id":"https:\/\/szineserzsebetvaros.hu\/#organization"},"potentialAction":[{"@type":"SearchAction","target":{"@type":"EntryPoint","urlTemplate":"https:\/\/szineserzsebetvaros.hu\/?s={search_term_string}"},"query-input":{"@type":"PropertyValueSpecification","valueRequired":true,"valueName":"search_term_string"}}],"inLanguage":"en-US"},{"@type":"Organization","@id":"https:\/\/szineserzsebetvaros.hu\/#organization","name":"Sz\u00ednes Erzs\u00e9betv\u00e1ros","url":"https:\/\/szineserzsebetvaros.hu\/","logo":{"@type":"ImageObject","inLanguage":"en-US","@id":"https:\/\/szineserzsebetvaros.hu\/#\/schema\/logo\/image\/","url":"https:\/\/szineserzsebetvaros.hu\/wp-content\/uploads\/2024\/10\/SZEVlogo_color-2.png","contentUrl":"https:\/\/szineserzsebetvaros.hu\/wp-content\/uploads\/2024\/10\/SZEVlogo_color-2.png","width":350,"height":102,"caption":"Sz\u00ednes Erzs\u00e9betv\u00e1ros"},"image":{"@id":"https:\/\/szineserzsebetvaros.hu\/#\/schema\/logo\/image\/"},"sameAs":["https:\/\/www.facebook.com\/szineserzsebetvaros"]}]}},"campaignId":"","_links":{"self":[{"href":"https:\/\/szineserzsebetvaros.hu\/en\/wp-json\/wp\/v2\/pages\/867","targetHints":{"allow":["GET"]}}],"collection":[{"href":"https:\/\/szineserzsebetvaros.hu\/en\/wp-json\/wp\/v2\/pages"}],"about":[{"href":"https:\/\/szineserzsebetvaros.hu\/en\/wp-json\/wp\/v2\/types\/page"}],"author":[{"embeddable":true,"href":"https:\/\/szineserzsebetvaros.hu\/en\/wp-json\/wp\/v2\/users\/1"}],"replies":[{"embeddable":true,"href":"https:\/\/szineserzsebetvaros.hu\/en\/wp-json\/wp\/v2\/comments?post=867"}],"version-history":[{"count":14,"href":"https:\/\/szineserzsebetvaros.hu\/en\/wp-json\/wp\/v2\/pages\/867\/revisions"}],"predecessor-version":[{"id":1051,"href":"https:\/\/szineserzsebetvaros.hu\/en\/wp-json\/wp\/v2\/pages\/867\/revisions\/1051"}],"wp:featuredmedia":[{"embeddable":true,"href":"https:\/\/szineserzsebetvaros.hu\/en\/wp-json\/wp\/v2\/media\/852"}],"wp:attachment":[{"href":"https:\/\/szineserzsebetvaros.hu\/en\/wp-json\/wp\/v2\/media?parent=867"}],"curies":[{"name":"wp","href":"https:\/\/api.w.org\/{rel}","templated":true}]}}