{"id":847,"date":"2025-06-16T14:05:15","date_gmt":"2025-06-16T12:05:15","guid":{"rendered":"https:\/\/szineserzsebetvaros.hu\/?page_id=847"},"modified":"2025-06-20T11:24:09","modified_gmt":"2025-06-20T09:24:09","slug":"about-the-project","status":"publish","type":"page","link":"https:\/\/szineserzsebetvaros.hu\/en\/about-the-project\/","title":{"rendered":"About the project"},"content":{"rendered":"<div data-elementor-type=\"wp-page\" data-elementor-id=\"847\" class=\"elementor elementor-847\" data-elementor-post-type=\"page\">\n\t\t\t\t<div class=\"elementor-element elementor-element-386e7f5 e-con-full e-flex e-con e-parent\" data-id=\"386e7f5\" data-element_type=\"container\">\n\t\t\t\t<div class=\"elementor-element elementor-element-c76bc68 elementor-widget elementor-widget-image\" data-id=\"c76bc68\" data-element_type=\"widget\" data-widget_type=\"image.default\">\n\t\t\t\t<div class=\"elementor-widget-container\">\n\t\t\t\t\t\t\t\t\t\t\t\t\t\t\t<img fetchpriority=\"high\" decoding=\"async\" width=\"2560\" height=\"820\" src=\"https:\/\/szineserzsebetvaros.hu\/wp-content\/uploads\/2025\/06\/PXL_20240922_093522492-scaled-e1750071707825.jpg\" class=\"attachment-full size-full wp-image-852\" alt=\"\" srcset=\"https:\/\/szineserzsebetvaros.hu\/wp-content\/uploads\/2025\/06\/PXL_20240922_093522492-scaled-e1750071707825.jpg 2560w, https:\/\/szineserzsebetvaros.hu\/wp-content\/uploads\/2025\/06\/PXL_20240922_093522492-scaled-e1750071707825-300x96.jpg 300w, https:\/\/szineserzsebetvaros.hu\/wp-content\/uploads\/2025\/06\/PXL_20240922_093522492-scaled-e1750071707825-1024x328.jpg 1024w, https:\/\/szineserzsebetvaros.hu\/wp-content\/uploads\/2025\/06\/PXL_20240922_093522492-scaled-e1750071707825-768x246.jpg 768w, https:\/\/szineserzsebetvaros.hu\/wp-content\/uploads\/2025\/06\/PXL_20240922_093522492-scaled-e1750071707825-1536x492.jpg 1536w, https:\/\/szineserzsebetvaros.hu\/wp-content\/uploads\/2025\/06\/PXL_20240922_093522492-scaled-e1750071707825-2048x656.jpg 2048w, https:\/\/szineserzsebetvaros.hu\/wp-content\/uploads\/2025\/06\/PXL_20240922_093522492-scaled-e1750071707825-18x6.jpg 18w\" sizes=\"(max-width: 2560px) 100vw, 2560px\" \/>\t\t\t\t\t\t\t\t\t\t\t\t\t\t\t<\/div>\n\t\t\t\t<\/div>\n\t\t\t\t<div class=\"elementor-element elementor-element-29970c3 elementor-nav-menu--dropdown-none elementor-fixed elementor-hidden-mobile elementor-widget elementor-widget-nav-menu\" data-id=\"29970c3\" data-element_type=\"widget\" data-settings=\"{&quot;layout&quot;:&quot;vertical&quot;,&quot;_position&quot;:&quot;fixed&quot;,&quot;submenu_icon&quot;:{&quot;value&quot;:&quot;&lt;svg aria-hidden=\\&quot;true\\&quot; class=\\&quot;e-font-icon-svg e-fas-caret-down\\&quot; viewBox=\\&quot;0 0 320 512\\&quot; xmlns=\\&quot;http:\\\/\\\/www.w3.org\\\/2000\\\/svg\\&quot;&gt;&lt;path d=\\&quot;M31.3 192h257.3c17.8 0 26.7 21.5 14.1 34.1L174.1 354.8c-7.8 7.8-20.5 7.8-28.3 0L17.2 226.1C4.6 213.5 13.5 192 31.3 192z\\&quot;&gt;&lt;\\\/path&gt;&lt;\\\/svg&gt;&quot;,&quot;library&quot;:&quot;fa-solid&quot;}}\" data-widget_type=\"nav-menu.default\">\n\t\t\t\t<div class=\"elementor-widget-container\">\n\t\t\t\t\t\t\t\t<nav aria-label=\"Menu\" class=\"elementor-nav-menu--main elementor-nav-menu__container elementor-nav-menu--layout-vertical e--pointer-none\">\n\t\t\t\t<ul id=\"menu-1-29970c3\" class=\"elementor-nav-menu sm-vertical\"><li class=\"menu-item menu-item-type-post_type menu-item-object-page menu-item-997\"><a href=\"https:\/\/szineserzsebetvaros.hu\/en\/setalo-district\/\" class=\"elementor-item\">Pedestrian District Home Page<\/a><\/li>\n<li class=\"menu-item menu-item-type-post_type menu-item-object-page menu-item-881\"><a href=\"https:\/\/szineserzsebetvaros.hu\/en\/about-the-project\/\" class=\"elementor-item\">About the project<\/a><\/li>\n<li class=\"menu-item menu-item-type-post_type menu-item-object-page menu-item-988\"><a href=\"https:\/\/szineserzsebetvaros.hu\/en\/traffic-changes\/\" class=\"elementor-item\">Traffic changes<\/a><\/li>\n<li class=\"menu-item menu-item-type-post_type menu-item-object-page menu-item-905\"><a href=\"https:\/\/szineserzsebetvaros.hu\/en\/lizard\/\" class=\"elementor-item\">FAQ<\/a><\/li>\n<\/ul>\t\t\t<\/nav>\n\t\t\t\t\t\t<nav class=\"elementor-nav-menu--dropdown elementor-nav-menu__container\" aria-hidden=\"true\">\n\t\t\t\t<ul id=\"menu-2-29970c3\" class=\"elementor-nav-menu sm-vertical\"><li class=\"menu-item menu-item-type-post_type menu-item-object-page menu-item-997\"><a href=\"https:\/\/szineserzsebetvaros.hu\/en\/setalo-district\/\" class=\"elementor-item\" tabindex=\"-1\">Pedestrian District Home Page<\/a><\/li>\n<li class=\"menu-item menu-item-type-post_type menu-item-object-page menu-item-881\"><a href=\"https:\/\/szineserzsebetvaros.hu\/en\/about-the-project\/\" class=\"elementor-item\" tabindex=\"-1\">About the project<\/a><\/li>\n<li class=\"menu-item menu-item-type-post_type menu-item-object-page menu-item-988\"><a href=\"https:\/\/szineserzsebetvaros.hu\/en\/traffic-changes\/\" class=\"elementor-item\" tabindex=\"-1\">Traffic changes<\/a><\/li>\n<li class=\"menu-item menu-item-type-post_type menu-item-object-page menu-item-905\"><a href=\"https:\/\/szineserzsebetvaros.hu\/en\/lizard\/\" class=\"elementor-item\" tabindex=\"-1\">FAQ<\/a><\/li>\n<\/ul>\t\t\t<\/nav>\n\t\t\t\t\t\t<\/div>\n\t\t\t\t<\/div>\n\t\t\t\t<div class=\"elementor-element elementor-element-5ba7b5d elementor-hidden-mobile elementor-widget elementor-widget-heading\" data-id=\"5ba7b5d\" data-element_type=\"widget\" data-widget_type=\"heading.default\">\n\t\t\t\t<div class=\"elementor-widget-container\">\n\t\t\t\t\t<h1 class=\"elementor-heading-title elementor-size-default\">About the project<\/h1>\t\t\t\t<\/div>\n\t\t\t\t<\/div>\n\t\t\t\t<div class=\"elementor-element elementor-element-ab0c2b5 elementor-hidden-desktop elementor-hidden-tablet elementor-widget elementor-widget-heading\" data-id=\"ab0c2b5\" data-element_type=\"widget\" data-widget_type=\"heading.default\">\n\t\t\t\t<div class=\"elementor-widget-container\">\n\t\t\t\t\t<h2 class=\"elementor-heading-title elementor-size-default\">About the project<\/h2>\t\t\t\t<\/div>\n\t\t\t\t<\/div>\n\t\t\t\t<\/div>\n\t\t<div class=\"elementor-element elementor-element-38b5924 e-con-full e-flex e-con e-parent\" data-id=\"38b5924\" data-element_type=\"container\">\n\t\t\t\t<div class=\"elementor-element elementor-element-dd6cd46 elementor-widget elementor-widget-text-editor\" data-id=\"dd6cd46\" data-element_type=\"widget\" data-widget_type=\"text-editor.default\">\n\t\t\t\t<div class=\"elementor-widget-container\">\n\t\t\t\t\t\t\t\t\t<p class=\"my-0\">Pedestrian-friendly streets, airier spaces, cleaner air, walking, city experience: the pedestrian streets of Erzs\u00e9betv\u00e1ros are introduced!<\/p><p class=\"my-0\">Sz\u00ednes Erzs\u00e9betv\u00e1ros\u00a0<strong>since 2018, he has been working to make Erzs\u00e9betv\u00e1ros a greener, more beloved, more walkable district.<\/strong>We also ran in the 2024 elections to\u00a0<strong>for changes that had been could finally become a reality in District VII<\/strong>. We demonstrated and showed at street festivals how much better pedestrian-dominated streets work if there is no traffic conflict between pedestrians and cars. We also managed to get the people of Budapest to support us and our idea to win the Budapest community budget:\u00a0<strong>there is finally a pedestrian crosswalk on R\u00e1k\u00f3czi \u00dat at Kazinczy Utca<\/strong>.<\/p><p class=\"my-0\"><strong>2025 is the year of breakthroughs.<\/strong>\u00a0We realized that good intentions must be collected, and nothing is impossible. We joined forces with D\u00e1vid Vit\u00e9zy and the Podmaniczky Mozgalom\u00a0<strong>to finally have pedestrian streets in Inner Erzs\u00e9betv\u00e1ros.<\/strong>Finally these streets can be the point where we meet and enjoy living in this uniquely beautiful city. In March, as a grassroots initiative, we approached the Budapest City Council as local citizens to start the development of pedestrian streets. In the Council, the initiative was prepared as part of the election program of our ally D\u00e1vid Vit\u00e9zy and he fought for our now united joint commitment to the people of Budapest to be realized.<\/p><p class=\"my-0\">Here we are now:\u00a0<strong>The long-awaited pedestrian street network is being established in Inner Erzs\u00e9betv\u00e1ros<\/strong>\u00a0because the 7th district\u00a0<strong>can now be a much more humane and better place<\/strong>.<\/p>\t\t\t\t\t\t\t\t<\/div>\n\t\t\t\t<\/div>\n\t\t\t\t<\/div>\n\t\t<div class=\"elementor-element elementor-element-a4d2091 e-flex e-con-boxed e-con e-parent\" data-id=\"a4d2091\" data-element_type=\"container\" data-settings=\"{&quot;background_background&quot;:&quot;classic&quot;}\">\n\t\t\t\t\t<div class=\"e-con-inner\">\n\t\t\t\t<div class=\"elementor-element elementor-element-2f988a2 elementor-widget elementor-widget-heading\" data-id=\"2f988a2\" data-element_type=\"widget\" data-widget_type=\"heading.default\">\n\t\t\t\t<div class=\"elementor-widget-container\">\n\t\t\t\t\t<h2 class=\"elementor-heading-title elementor-size-default\">We will be testing the changes for a TEST PERIOD until the end of the summer.<\/h2>\t\t\t\t<\/div>\n\t\t\t\t<\/div>\n\t\t\t\t\t<\/div>\n\t\t\t\t<\/div>\n\t\t<div class=\"elementor-element elementor-element-953cca9 e-flex e-con-boxed e-con e-parent\" data-id=\"953cca9\" data-element_type=\"container\" data-settings=\"{&quot;background_background&quot;:&quot;classic&quot;}\">\n\t\t\t\t\t<div class=\"e-con-inner\">\n\t\t\t\t<div class=\"elementor-element elementor-element-9bffaa2 elementor-widget elementor-widget-heading\" data-id=\"9bffaa2\" data-element_type=\"widget\" data-widget_type=\"heading.default\">\n\t\t\t\t<div class=\"elementor-widget-container\">\n\t\t\t\t\t<h2 class=\"elementor-heading-title elementor-size-default\">Share your thoughts with us!<\/h2>\t\t\t\t<\/div>\n\t\t\t\t<\/div>\n\t\t\t\t<div class=\"elementor-element elementor-element-ad35959 elementor-align-center elementor-widget elementor-widget-button\" data-id=\"ad35959\" data-element_type=\"widget\" data-widget_type=\"button.default\">\n\t\t\t\t<div class=\"elementor-widget-container\">\n\t\t\t\t\t\t\t\t\t<div class=\"elementor-button-wrapper\">\n\t\t\t\t\t<a class=\"elementor-button elementor-button-link elementor-size-sm\" href=\"\/en\/tell-me-your-opinion\/\">\n\t\t\t\t\t\t<span class=\"elementor-button-content-wrapper\">\n\t\t\t\t\t\t\t\t\t<span class=\"elementor-button-text\">FEEDBACK<\/span>\n\t\t\t\t\t<\/span>\n\t\t\t\t\t<\/a>\n\t\t\t\t<\/div>\n\t\t\t\t\t\t\t\t<\/div>\n\t\t\t\t<\/div>\n\t\t\t\t<div class=\"elementor-element elementor-element-9f229b5 elementor-widget elementor-widget-heading\" data-id=\"9f229b5\" data-element_type=\"widget\" data-widget_type=\"heading.default\">\n\t\t\t\t<div class=\"elementor-widget-container\">\n\t\t\t\t\t<p class=\"elementor-heading-title elementor-size-default\">We try to incorporate all constructive criticism into the final completion.<\/p>\t\t\t\t<\/div>\n\t\t\t\t<\/div>\n\t\t\t\t\t<\/div>\n\t\t\t\t<\/div>\n\t\t<div class=\"elementor-element elementor-element-9c8f195 e-flex e-con-boxed e-con e-parent\" data-id=\"9c8f195\" data-element_type=\"container\">\n\t\t\t\t\t<div class=\"e-con-inner\">\n\t\t\t\t<div class=\"elementor-element elementor-element-6435ce0 elementor-widget elementor-widget-image\" data-id=\"6435ce0\" data-element_type=\"widget\" data-widget_type=\"image.default\">\n\t\t\t\t<div class=\"elementor-widget-container\">\n\t\t\t\t\t\t\t\t\t\t\t\t\t\t\t<img decoding=\"async\" width=\"2560\" height=\"1707\" src=\"https:\/\/szineserzsebetvaros.hu\/wp-content\/uploads\/2025\/01\/52171325755_5c7908a76a_5k-scaled.jpg\" class=\"attachment-full size-full wp-image-221\" alt=\"\" srcset=\"https:\/\/szineserzsebetvaros.hu\/wp-content\/uploads\/2025\/01\/52171325755_5c7908a76a_5k-scaled.jpg 2560w, https:\/\/szineserzsebetvaros.hu\/wp-content\/uploads\/2025\/01\/52171325755_5c7908a76a_5k-300x200.jpg 300w, https:\/\/szineserzsebetvaros.hu\/wp-content\/uploads\/2025\/01\/52171325755_5c7908a76a_5k-1024x683.jpg 1024w, https:\/\/szineserzsebetvaros.hu\/wp-content\/uploads\/2025\/01\/52171325755_5c7908a76a_5k-768x512.jpg 768w, https:\/\/szineserzsebetvaros.hu\/wp-content\/uploads\/2025\/01\/52171325755_5c7908a76a_5k-1536x1024.jpg 1536w, https:\/\/szineserzsebetvaros.hu\/wp-content\/uploads\/2025\/01\/52171325755_5c7908a76a_5k-2048x1365.jpg 2048w\" sizes=\"(max-width: 2560px) 100vw, 2560px\" \/>\t\t\t\t\t\t\t\t\t\t\t\t\t\t\t<\/div>\n\t\t\t\t<\/div>\n\t\t\t\t\t<\/div>\n\t\t\t\t<\/div>\n\t\t\t\t<\/div>","protected":false},"excerpt":{"rendered":"<p>A projektr\u0151l A projektr\u0151l Gyalogosbar\u00e1t utc\u00e1k, szell\u0151sebb terek, tiszt\u00e1bb leveg\u0151, s\u00e9t\u00e1l\u00e1s, v\u00e1ros\u00e9lm\u00e9ny: bemutatkoznak a bels\u0151-erzs\u00e9betv\u00e1rosi s\u00e9t\u00e1l\u00f3utc\u00e1k! A Sz\u00ednes Erzs\u00e9betv\u00e1ros\u00a02018 \u00f3ta dolgozik az\u00e9rt, hogy Erzs\u00e9betv\u00e1ros egy z\u00f6ldebb, szerethet\u0151bb, s\u00e9t\u00e1l\u00f3sabb ker\u00fclet legyen. A 2024-es v\u00e1laszt\u00e1sokon is az\u00e9rt indultunk el, hogy a\u00a0sok \u00e9ve elmaradt v\u00e1ltoz\u00e1sok v\u00e9gre meg\u00e9rkezzenek a VII. ker\u00fcletbe. Utcafesztiv\u00e1lokon mutattuk \u00e9s bizony\u00edtottuk be, hogy mennyivel jobban [&hellip;]<\/p>","protected":false},"author":1,"featured_media":1104,"parent":0,"menu_order":0,"comment_status":"closed","ping_status":"closed","template":"","meta":{"give_campaign_id":0,"footnotes":""},"class_list":["post-847","page","type-page","status-publish","has-post-thumbnail","hentry"],"yoast_head":"<!-- This site is optimized with the Yoast SEO Premium plugin v26.2 (Yoast SEO v26.3) - https:\/\/yoast.com\/wordpress\/plugins\/seo\/ -->\n<title>A projektr\u0151l - Sz\u00ednes Erzs\u00e9betv\u00e1ros<\/title>\n<meta name=\"robots\" content=\"index, follow, max-snippet:-1, max-image-preview:large, max-video-preview:-1\" \/>\n<link rel=\"canonical\" href=\"https:\/\/szineserzsebetvaros.hu\/en\/about-the-project\/\" \/>\n<meta property=\"og:locale\" content=\"en_US\" \/>\n<meta property=\"og:type\" content=\"article\" \/>\n<meta property=\"og:title\" content=\"A projektr\u0151l\" \/>\n<meta property=\"og:description\" content=\"A projektr\u0151l A projektr\u0151l Gyalogosbar\u00e1t utc\u00e1k, szell\u0151sebb terek, tiszt\u00e1bb leveg\u0151, s\u00e9t\u00e1l\u00e1s, v\u00e1ros\u00e9lm\u00e9ny: bemutatkoznak a bels\u0151-erzs\u00e9betv\u00e1rosi s\u00e9t\u00e1l\u00f3utc\u00e1k! A Sz\u00ednes Erzs\u00e9betv\u00e1ros\u00a02018 \u00f3ta dolgozik az\u00e9rt, hogy Erzs\u00e9betv\u00e1ros egy z\u00f6ldebb, szerethet\u0151bb, s\u00e9t\u00e1l\u00f3sabb ker\u00fclet legyen. A 2024-es v\u00e1laszt\u00e1sokon is az\u00e9rt indultunk el, hogy a\u00a0sok \u00e9ve elmaradt v\u00e1ltoz\u00e1sok v\u00e9gre meg\u00e9rkezzenek a VII. ker\u00fcletbe. Utcafesztiv\u00e1lokon mutattuk \u00e9s bizony\u00edtottuk be, hogy mennyivel jobban [&hellip;]\" \/>\n<meta property=\"og:url\" content=\"https:\/\/szineserzsebetvaros.hu\/en\/about-the-project\/\" \/>\n<meta property=\"og:site_name\" content=\"Sz\u00ednes Erzs\u00e9betv\u00e1ros\" \/>\n<meta property=\"article:publisher\" content=\"https:\/\/www.facebook.com\/szineserzsebetvaros\" \/>\n<meta property=\"article:modified_time\" content=\"2025-06-20T09:24:09+00:00\" \/>\n<meta property=\"og:image\" content=\"https:\/\/szineserzsebetvaros.hu\/wp-content\/uploads\/2025\/06\/PXL_20240922_093522492-1-scaled.jpg\" \/>\n\t<meta property=\"og:image:width\" content=\"2560\" \/>\n\t<meta property=\"og:image:height\" content=\"1440\" \/>\n\t<meta property=\"og:image:type\" content=\"image\/jpeg\" \/>\n<meta name=\"twitter:card\" content=\"summary_large_image\" \/>\n<meta name=\"twitter:label1\" content=\"Est. reading time\" \/>\n\t<meta name=\"twitter:data1\" content=\"2 minutes\" \/>\n<script type=\"application\/ld+json\" class=\"yoast-schema-graph\">{\"@context\":\"https:\/\/schema.org\",\"@graph\":[{\"@type\":\"WebPage\",\"@id\":\"https:\/\/szineserzsebetvaros.hu\/a-projektrol\/\",\"url\":\"https:\/\/szineserzsebetvaros.hu\/a-projektrol\/\",\"name\":\"A projektr\u0151l - Sz\u00ednes Erzs\u00e9betv\u00e1ros\",\"isPartOf\":{\"@id\":\"https:\/\/szineserzsebetvaros.hu\/#website\"},\"primaryImageOfPage\":{\"@id\":\"https:\/\/szineserzsebetvaros.hu\/a-projektrol\/#primaryimage\"},\"image\":{\"@id\":\"https:\/\/szineserzsebetvaros.hu\/a-projektrol\/#primaryimage\"},\"thumbnailUrl\":\"https:\/\/szineserzsebetvaros.hu\/wp-content\/uploads\/2025\/06\/PXL_20240922_093522492-1-scaled.jpg\",\"datePublished\":\"2025-06-16T12:05:15+00:00\",\"dateModified\":\"2025-06-20T09:24:09+00:00\",\"breadcrumb\":{\"@id\":\"https:\/\/szineserzsebetvaros.hu\/a-projektrol\/#breadcrumb\"},\"inLanguage\":\"en-US\",\"potentialAction\":[{\"@type\":\"ReadAction\",\"target\":[\"https:\/\/szineserzsebetvaros.hu\/a-projektrol\/\"]}]},{\"@type\":\"ImageObject\",\"inLanguage\":\"en-US\",\"@id\":\"https:\/\/szineserzsebetvaros.hu\/a-projektrol\/#primaryimage\",\"url\":\"https:\/\/szineserzsebetvaros.hu\/wp-content\/uploads\/2025\/06\/PXL_20240922_093522492-1-scaled.jpg\",\"contentUrl\":\"https:\/\/szineserzsebetvaros.hu\/wp-content\/uploads\/2025\/06\/PXL_20240922_093522492-1-scaled.jpg\",\"width\":2560,\"height\":1440},{\"@type\":\"BreadcrumbList\",\"@id\":\"https:\/\/szineserzsebetvaros.hu\/a-projektrol\/#breadcrumb\",\"itemListElement\":[{\"@type\":\"ListItem\",\"position\":1,\"name\":\"Kezd\u0151lap\",\"item\":\"https:\/\/szineserzsebetvaros.hu\/\"},{\"@type\":\"ListItem\",\"position\":2,\"name\":\"A projektr\u0151l\"}]},{\"@type\":\"WebSite\",\"@id\":\"https:\/\/szineserzsebetvaros.hu\/#website\",\"url\":\"https:\/\/szineserzsebetvaros.hu\/\",\"name\":\"Sz\u00ednes Erzs\u00e9betv\u00e1ros\",\"description\":\"Erzs\u00e9betv\u00e1ros, Budapest VII. ker\u00fclet\u00e9nek port\u00e1lja\",\"publisher\":{\"@id\":\"https:\/\/szineserzsebetvaros.hu\/#organization\"},\"potentialAction\":[{\"@type\":\"SearchAction\",\"target\":{\"@type\":\"EntryPoint\",\"urlTemplate\":\"https:\/\/szineserzsebetvaros.hu\/?s={search_term_string}\"},\"query-input\":{\"@type\":\"PropertyValueSpecification\",\"valueRequired\":true,\"valueName\":\"search_term_string\"}}],\"inLanguage\":\"en-US\"},{\"@type\":\"Organization\",\"@id\":\"https:\/\/szineserzsebetvaros.hu\/#organization\",\"name\":\"Sz\u00ednes Erzs\u00e9betv\u00e1ros\",\"url\":\"https:\/\/szineserzsebetvaros.hu\/\",\"logo\":{\"@type\":\"ImageObject\",\"inLanguage\":\"en-US\",\"@id\":\"https:\/\/szineserzsebetvaros.hu\/#\/schema\/logo\/image\/\",\"url\":\"https:\/\/szineserzsebetvaros.hu\/wp-content\/uploads\/2024\/10\/SZEVlogo_color-2.png\",\"contentUrl\":\"https:\/\/szineserzsebetvaros.hu\/wp-content\/uploads\/2024\/10\/SZEVlogo_color-2.png\",\"width\":350,\"height\":102,\"caption\":\"Sz\u00ednes Erzs\u00e9betv\u00e1ros\"},\"image\":{\"@id\":\"https:\/\/szineserzsebetvaros.hu\/#\/schema\/logo\/image\/\"},\"sameAs\":[\"https:\/\/www.facebook.com\/szineserzsebetvaros\"]}]}<\/script>\n<!-- \/ Yoast SEO Premium plugin. -->","yoast_head_json":{"title":"A projektr\u0151l - Sz\u00ednes Erzs\u00e9betv\u00e1ros","robots":{"index":"index","follow":"follow","max-snippet":"max-snippet:-1","max-image-preview":"max-image-preview:large","max-video-preview":"max-video-preview:-1"},"canonical":"https:\/\/szineserzsebetvaros.hu\/en\/about-the-project\/","og_locale":"en_US","og_type":"article","og_title":"A projektr\u0151l","og_description":"A projektr\u0151l A projektr\u0151l Gyalogosbar\u00e1t utc\u00e1k, szell\u0151sebb terek, tiszt\u00e1bb leveg\u0151, s\u00e9t\u00e1l\u00e1s, v\u00e1ros\u00e9lm\u00e9ny: bemutatkoznak a bels\u0151-erzs\u00e9betv\u00e1rosi s\u00e9t\u00e1l\u00f3utc\u00e1k! A Sz\u00ednes Erzs\u00e9betv\u00e1ros\u00a02018 \u00f3ta dolgozik az\u00e9rt, hogy Erzs\u00e9betv\u00e1ros egy z\u00f6ldebb, szerethet\u0151bb, s\u00e9t\u00e1l\u00f3sabb ker\u00fclet legyen. A 2024-es v\u00e1laszt\u00e1sokon is az\u00e9rt indultunk el, hogy a\u00a0sok \u00e9ve elmaradt v\u00e1ltoz\u00e1sok v\u00e9gre meg\u00e9rkezzenek a VII. ker\u00fcletbe. Utcafesztiv\u00e1lokon mutattuk \u00e9s bizony\u00edtottuk be, hogy mennyivel jobban [&hellip;]","og_url":"https:\/\/szineserzsebetvaros.hu\/en\/about-the-project\/","og_site_name":"Sz\u00ednes Erzs\u00e9betv\u00e1ros","article_publisher":"https:\/\/www.facebook.com\/szineserzsebetvaros","article_modified_time":"2025-06-20T09:24:09+00:00","og_image":[{"width":2560,"height":1440,"url":"https:\/\/szineserzsebetvaros.hu\/wp-content\/uploads\/2025\/06\/PXL_20240922_093522492-1-scaled.jpg","type":"image\/jpeg"}],"twitter_card":"summary_large_image","twitter_misc":{"Est. reading time":"2 minutes"},"schema":{"@context":"https:\/\/schema.org","@graph":[{"@type":"WebPage","@id":"https:\/\/szineserzsebetvaros.hu\/a-projektrol\/","url":"https:\/\/szineserzsebetvaros.hu\/a-projektrol\/","name":"A projektr\u0151l - Sz\u00ednes Erzs\u00e9betv\u00e1ros","isPartOf":{"@id":"https:\/\/szineserzsebetvaros.hu\/#website"},"primaryImageOfPage":{"@id":"https:\/\/szineserzsebetvaros.hu\/a-projektrol\/#primaryimage"},"image":{"@id":"https:\/\/szineserzsebetvaros.hu\/a-projektrol\/#primaryimage"},"thumbnailUrl":"https:\/\/szineserzsebetvaros.hu\/wp-content\/uploads\/2025\/06\/PXL_20240922_093522492-1-scaled.jpg","datePublished":"2025-06-16T12:05:15+00:00","dateModified":"2025-06-20T09:24:09+00:00","breadcrumb":{"@id":"https:\/\/szineserzsebetvaros.hu\/a-projektrol\/#breadcrumb"},"inLanguage":"en-US","potentialAction":[{"@type":"ReadAction","target":["https:\/\/szineserzsebetvaros.hu\/a-projektrol\/"]}]},{"@type":"ImageObject","inLanguage":"en-US","@id":"https:\/\/szineserzsebetvaros.hu\/a-projektrol\/#primaryimage","url":"https:\/\/szineserzsebetvaros.hu\/wp-content\/uploads\/2025\/06\/PXL_20240922_093522492-1-scaled.jpg","contentUrl":"https:\/\/szineserzsebetvaros.hu\/wp-content\/uploads\/2025\/06\/PXL_20240922_093522492-1-scaled.jpg","width":2560,"height":1440},{"@type":"BreadcrumbList","@id":"https:\/\/szineserzsebetvaros.hu\/a-projektrol\/#breadcrumb","itemListElement":[{"@type":"ListItem","position":1,"name":"Kezd\u0151lap","item":"https:\/\/szineserzsebetvaros.hu\/"},{"@type":"ListItem","position":2,"name":"A projektr\u0151l"}]},{"@type":"WebSite","@id":"https:\/\/szineserzsebetvaros.hu\/#website","url":"https:\/\/szineserzsebetvaros.hu\/","name":"Sz\u00ednes Erzs\u00e9betv\u00e1ros","description":"Erzs\u00e9betv\u00e1ros, Budapest VII. ker\u00fclet\u00e9nek port\u00e1lja","publisher":{"@id":"https:\/\/szineserzsebetvaros.hu\/#organization"},"potentialAction":[{"@type":"SearchAction","target":{"@type":"EntryPoint","urlTemplate":"https:\/\/szineserzsebetvaros.hu\/?s={search_term_string}"},"query-input":{"@type":"PropertyValueSpecification","valueRequired":true,"valueName":"search_term_string"}}],"inLanguage":"en-US"},{"@type":"Organization","@id":"https:\/\/szineserzsebetvaros.hu\/#organization","name":"Sz\u00ednes Erzs\u00e9betv\u00e1ros","url":"https:\/\/szineserzsebetvaros.hu\/","logo":{"@type":"ImageObject","inLanguage":"en-US","@id":"https:\/\/szineserzsebetvaros.hu\/#\/schema\/logo\/image\/","url":"https:\/\/szineserzsebetvaros.hu\/wp-content\/uploads\/2024\/10\/SZEVlogo_color-2.png","contentUrl":"https:\/\/szineserzsebetvaros.hu\/wp-content\/uploads\/2024\/10\/SZEVlogo_color-2.png","width":350,"height":102,"caption":"Sz\u00ednes Erzs\u00e9betv\u00e1ros"},"image":{"@id":"https:\/\/szineserzsebetvaros.hu\/#\/schema\/logo\/image\/"},"sameAs":["https:\/\/www.facebook.com\/szineserzsebetvaros"]}]}},"campaignId":"","_links":{"self":[{"href":"https:\/\/szineserzsebetvaros.hu\/en\/wp-json\/wp\/v2\/pages\/847","targetHints":{"allow":["GET"]}}],"collection":[{"href":"https:\/\/szineserzsebetvaros.hu\/en\/wp-json\/wp\/v2\/pages"}],"about":[{"href":"https:\/\/szineserzsebetvaros.hu\/en\/wp-json\/wp\/v2\/types\/page"}],"author":[{"embeddable":true,"href":"https:\/\/szineserzsebetvaros.hu\/en\/wp-json\/wp\/v2\/users\/1"}],"replies":[{"embeddable":true,"href":"https:\/\/szineserzsebetvaros.hu\/en\/wp-json\/wp\/v2\/comments?post=847"}],"version-history":[{"count":52,"href":"https:\/\/szineserzsebetvaros.hu\/en\/wp-json\/wp\/v2\/pages\/847\/revisions"}],"predecessor-version":[{"id":1301,"href":"https:\/\/szineserzsebetvaros.hu\/en\/wp-json\/wp\/v2\/pages\/847\/revisions\/1301"}],"wp:featuredmedia":[{"embeddable":true,"href":"https:\/\/szineserzsebetvaros.hu\/en\/wp-json\/wp\/v2\/media\/1104"}],"wp:attachment":[{"href":"https:\/\/szineserzsebetvaros.hu\/en\/wp-json\/wp\/v2\/media?parent=847"}],"curies":[{"name":"wp","href":"https:\/\/api.w.org\/{rel}","templated":true}]}}