{"id":280,"date":"2025-01-06T23:41:25","date_gmt":"2025-01-06T22:41:25","guid":{"rendered":"https:\/\/szineserzsebetvaros.hu\/?page_id=280"},"modified":"2025-06-18T17:18:18","modified_gmt":"2025-06-18T15:18:18","slug":"neighborhoods","status":"publish","type":"page","link":"https:\/\/szineserzsebetvaros.hu\/en\/neighborhoods\/","title":{"rendered":"Neighborhoods"},"content":{"rendered":"<div data-elementor-type=\"wp-page\" data-elementor-id=\"280\" class=\"elementor elementor-280\" data-elementor-post-type=\"page\">\n\t\t\t\t<div class=\"elementor-element elementor-element-cce0aa6 e-flex e-con-boxed e-con e-parent\" data-id=\"cce0aa6\" data-element_type=\"container\">\n\t\t\t\t\t<div class=\"e-con-inner\">\n\t\t\t\t<div class=\"elementor-element elementor-element-609c603 elementor-widget elementor-widget-heading\" data-id=\"609c603\" data-element_type=\"widget\" data-widget_type=\"heading.default\">\n\t\t\t\t<div class=\"elementor-widget-container\">\n\t\t\t\t\t<h2 class=\"elementor-heading-title elementor-size-default\">The Jewish Quarter<\/h2>\t\t\t\t<\/div>\n\t\t\t\t<\/div>\n\t\t\t\t<div class=\"elementor-element elementor-element-abd16f9 elementor-widget elementor-widget-image\" data-id=\"abd16f9\" data-element_type=\"widget\" data-widget_type=\"image.default\">\n\t\t\t\t<div class=\"elementor-widget-container\">\n\t\t\t\t\t\t\t\t\t\t\t\t<figure class=\"wp-caption\">\n\t\t\t\t\t\t\t\t\t\t<img fetchpriority=\"high\" decoding=\"async\" width=\"2560\" height=\"1544\" src=\"https:\/\/szineserzsebetvaros.hu\/wp-content\/uploads\/2025\/01\/kristijan-arsov-eEAZ-SYI3nM-unsplash-scaled.jpg\" class=\"attachment-full size-full wp-image-282\" alt=\"\" \/>\t\t\t\t\t\t\t\t\t\t\t<figcaption class=\"widget-image-caption wp-caption-text\">Source: Unsplash<\/figcaption>\n\t\t\t\t\t\t\t\t\t\t<\/figure>\n\t\t\t\t\t\t\t\t\t<\/div>\n\t\t\t\t<\/div>\n\t\t\t\t\t<\/div>\n\t\t\t\t<\/div>\n\t\t<div class=\"elementor-element elementor-element-06ea8da e-grid e-con-boxed e-con e-parent\" data-id=\"06ea8da\" data-element_type=\"container\">\n\t\t\t\t\t<div class=\"e-con-inner\">\n\t\t\t\t<div class=\"elementor-element elementor-element-9db8d37 elementor-widget elementor-widget-heading\" data-id=\"9db8d37\" data-element_type=\"widget\" data-widget_type=\"heading.default\">\n\t\t\t\t<div class=\"elementor-widget-container\">\n\t\t\t\t\t<h3 class=\"elementor-heading-title elementor-size-default\">Historical background<\/h3>\t\t\t\t<\/div>\n\t\t\t\t<\/div>\n\t\t\t\t<div class=\"elementor-element elementor-element-f7bffd0 elementor-widget elementor-widget-text-editor\" data-id=\"f7bffd0\" data-element_type=\"widget\" data-widget_type=\"text-editor.default\">\n\t\t\t\t<div class=\"elementor-widget-container\">\n\t\t\t\t\t\t\t\t\t<p>In the 2000s, the term \u201cJewish Quarter\u201d spread to this area, partly referring to the district\u2019s historical past. From the 19th century onwards, important institutions of the Jewish community in Budapest were indeed concentrated here, although it is important to note that the Jewish population was actually present in every district of the capital.<\/p><p>The tragic historical significance of the area is due to the fact that the Great Pest Ghetto was established here in 1944. The Jewish population was crowded together in inhumane conditions in the area bordered by Kir\u00e1ly Street, Kert\u00e9sz Street, Doh\u00e1ny Street and K\u00e1roly Boulevard, while the non-Jewish residents were deported. The ghetto&#039;s population reached 70,000.<\/p>\t\t\t\t\t\t\t\t<\/div>\n\t\t\t\t<\/div>\n\t\t\t\t\t<\/div>\n\t\t\t\t<\/div>\n\t\t<div class=\"elementor-element elementor-element-7d33e17 e-flex e-con-boxed e-con e-parent\" data-id=\"7d33e17\" data-element_type=\"container\">\n\t\t\t\t\t<div class=\"e-con-inner\">\n\t\t\t\t<div class=\"elementor-element elementor-element-8b75c2b elementor-widget elementor-widget-heading\" data-id=\"8b75c2b\" data-element_type=\"widget\" data-widget_type=\"heading.default\">\n\t\t\t\t<div class=\"elementor-widget-container\">\n\t\t\t\t\t<h2 class=\"elementor-heading-title elementor-size-default\">Chicago<\/h2>\t\t\t\t<\/div>\n\t\t\t\t<\/div>\n\t\t\t\t\t<\/div>\n\t\t\t\t<\/div>\n\t\t<div class=\"elementor-element elementor-element-f671c60 e-grid e-con-boxed e-con e-parent\" data-id=\"f671c60\" data-element_type=\"container\">\n\t\t\t\t\t<div class=\"e-con-inner\">\n\t\t\t\t<div class=\"elementor-element elementor-element-736ad5b elementor-widget elementor-widget-heading\" data-id=\"736ad5b\" data-element_type=\"widget\" data-widget_type=\"heading.default\">\n\t\t\t\t<div class=\"elementor-widget-container\">\n\t\t\t\t\t<h3 class=\"elementor-heading-title elementor-size-default\">Early history of the area<\/h3>\t\t\t\t<\/div>\n\t\t\t\t<\/div>\n\t\t\t\t<div class=\"elementor-element elementor-element-c62295a elementor-widget elementor-widget-text-editor\" data-id=\"c62295a\" data-element_type=\"widget\" data-widget_type=\"text-editor.default\">\n\t\t\t\t<div class=\"elementor-widget-container\">\n\t\t\t\t\t\t\t\t\t<p>Initially, the area was covered with kitchen gardens and cabbage fields. The first significant buildings appeared in the 1860s. In 1866, the orphanage of the Hungarian Women&#039;s National Association was built at 29 Damjanich Street. At the end of the decade, the depot complex for the horse railway was completed at 19 Damjanich Street.<\/p>\t\t\t\t\t\t\t\t<\/div>\n\t\t\t\t<\/div>\n\t\t\t\t<div class=\"elementor-element elementor-element-8535887 elementor-hidden-desktop elementor-hidden-tablet elementor-widget elementor-widget-heading\" data-id=\"8535887\" data-element_type=\"widget\" data-widget_type=\"heading.default\">\n\t\t\t\t<div class=\"elementor-widget-container\">\n\t\t\t\t\t<h3 class=\"elementor-heading-title elementor-size-default\">The development of the district<\/h3>\t\t\t\t<\/div>\n\t\t\t\t<\/div>\n\t\t\t\t<div class=\"elementor-element elementor-element-6eb1c5b elementor-widget elementor-widget-text-editor\" data-id=\"6eb1c5b\" data-element_type=\"widget\" data-widget_type=\"text-editor.default\">\n\t\t\t\t<div class=\"elementor-widget-container\">\n\t\t\t\t\t\t\t\t\t<p>Among the first significant buildings still standing today is the Budapest National Institute for the Jewish Deaf and Dumb, built between 1876-77 on today&#039;s Bethlen Square. The first seven buildings of the University of Veterinary Medicine were completed in 1881, and in 1882 the classicist villa of fashion merchant S\u00e1muel K\u00e1ry stood at today&#039;s D\u00f3zsa Gy\u00f6rgy \u00fat 74. Until the mid-1880s, only a few significant buildings stood in the area. The first elements of the street network also began to emerge at this time, but the current street structure was not fully formed until the 1890s.<\/p><p>The development of the residential area began in the second half of the 1880s and took about 25 years. The characteristic buildings of the area were two- or three-story tenement houses with circular corridors.<\/p>\t\t\t\t\t\t\t\t<\/div>\n\t\t\t\t<\/div>\n\t\t\t\t<div class=\"elementor-element elementor-element-dd5060e elementor-hidden-mobile elementor-widget elementor-widget-heading\" data-id=\"dd5060e\" data-element_type=\"widget\" data-widget_type=\"heading.default\">\n\t\t\t\t<div class=\"elementor-widget-container\">\n\t\t\t\t\t<h3 class=\"elementor-heading-title elementor-size-default\">The development of the district<\/h3>\t\t\t\t<\/div>\n\t\t\t\t<\/div>\n\t\t\t\t<div class=\"elementor-element elementor-element-3f14d14 elementor-widget elementor-widget-heading\" data-id=\"3f14d14\" data-element_type=\"widget\" data-widget_type=\"heading.default\">\n\t\t\t\t<div class=\"elementor-widget-container\">\n\t\t\t\t\t<h3 class=\"elementor-heading-title elementor-size-default\">The birth of Chicago<\/h3>\t\t\t\t<\/div>\n\t\t\t\t<\/div>\n\t\t\t\t<div class=\"elementor-element elementor-element-3ad1609 elementor-widget elementor-widget-text-editor\" data-id=\"3ad1609\" data-element_type=\"widget\" data-widget_type=\"text-editor.default\">\n\t\t\t\t<div class=\"elementor-widget-container\">\n\t\t\t\t\t\t\t\t\t<p>The name of the area \u201cChicago\u201d dates back to 1902, when Dr. J\u00f3zsef Abonyi first used the term at a social gathering. There are several theories about the origin of the name. According to one, it may refer to the rapid development of the area, which was reminiscent of the development of Chicago in the United States. According to another theory, it may be related to the poor public safety of the area, which made the area synonymous with metropolitan crime.<\/p>\t\t\t\t\t\t\t\t<\/div>\n\t\t\t\t<\/div>\n\t\t\t\t\t<\/div>\n\t\t\t\t<\/div>\n\t\t<div class=\"elementor-element elementor-element-a68bfdf e-flex e-con-boxed e-con e-parent\" data-id=\"a68bfdf\" data-element_type=\"container\">\n\t\t\t\t\t<div class=\"e-con-inner\">\n\t\t\t\t<div class=\"elementor-element elementor-element-36d3cec elementor-widget elementor-widget-image\" data-id=\"36d3cec\" data-element_type=\"widget\" data-widget_type=\"image.default\">\n\t\t\t\t<div class=\"elementor-widget-container\">\n\t\t\t\t\t\t\t\t\t\t\t\t<figure class=\"wp-caption\">\n\t\t\t\t\t\t\t\t\t\t<img decoding=\"async\" width=\"1920\" height=\"635\" src=\"https:\/\/szineserzsebetvaros.hu\/wp-content\/uploads\/2025\/01\/csikago.jpg\" class=\"attachment-full size-full wp-image-283\" alt=\"\" srcset=\"https:\/\/szineserzsebetvaros.hu\/wp-content\/uploads\/2025\/01\/csikago.jpg 1920w, https:\/\/szineserzsebetvaros.hu\/wp-content\/uploads\/2025\/01\/csikago-300x99.jpg 300w, https:\/\/szineserzsebetvaros.hu\/wp-content\/uploads\/2025\/01\/csikago-1024x339.jpg 1024w, https:\/\/szineserzsebetvaros.hu\/wp-content\/uploads\/2025\/01\/csikago-768x254.jpg 768w, https:\/\/szineserzsebetvaros.hu\/wp-content\/uploads\/2025\/01\/csikago-1536x508.jpg 1536w\" sizes=\"(max-width: 1920px) 100vw, 1920px\" \/>\t\t\t\t\t\t\t\t\t\t\t<figcaption class=\"widget-image-caption wp-caption-text\">Source: We Love Budapest<\/figcaption>\n\t\t\t\t\t\t\t\t\t\t<\/figure>\n\t\t\t\t\t\t\t\t\t<\/div>\n\t\t\t\t<\/div>\n\t\t\t\t<div class=\"elementor-element elementor-element-6926e65 elementor-widget elementor-widget-text-editor\" data-id=\"6926e65\" data-element_type=\"widget\" data-widget_type=\"text-editor.default\">\n\t\t\t\t<div class=\"elementor-widget-container\">\n\t\t\t\t\t\t\t\t\t<p>The development of K\u00fcls\u0151-Erzs\u00e9betv\u00e1ros is a good example of the rapid urbanization of Budapest in the late 19th and early 20th centuries, and how an agricultural area was transformed into a densely populated urban district in a few decades. This process reflects the dynamic growth of the capital at that time and the social changes that led to the emergence of the modern metropolis.<\/p>\t\t\t\t\t\t\t\t<\/div>\n\t\t\t\t<\/div>\n\t\t\t\t\t<\/div>\n\t\t\t\t<\/div>\n\t\t<div class=\"elementor-element elementor-element-6682761 e-flex e-con-boxed e-con e-parent\" data-id=\"6682761\" data-element_type=\"container\">\n\t\t\t\t\t<div class=\"e-con-inner\">\n\t\t\t\t<div class=\"elementor-element elementor-element-11a6c8f elementor-widget elementor-widget-heading\" data-id=\"11a6c8f\" data-element_type=\"widget\" data-widget_type=\"heading.default\">\n\t\t\t\t<div class=\"elementor-widget-container\">\n\t\t\t\t\t<h2 class=\"elementor-heading-title elementor-size-default\">Ligetvaros<\/h2>\t\t\t\t<\/div>\n\t\t\t\t<\/div>\n\t\t\t\t\t<\/div>\n\t\t\t\t<\/div>\n\t\t<div class=\"elementor-element elementor-element-2d41986 e-flex e-con-boxed e-con e-parent\" data-id=\"2d41986\" data-element_type=\"container\">\n\t\t\t\t\t<div class=\"e-con-inner\">\n\t\t\t\t<div class=\"elementor-element elementor-element-3eeb415 elementor-widget elementor-widget-text-editor\" data-id=\"3eeb415\" data-element_type=\"widget\" data-widget_type=\"text-editor.default\">\n\t\t\t\t<div class=\"elementor-widget-container\">\n\t\t\t\t\t\t\t\t\t<p>Ligetv\u00e1ros is a part of Budapest&#039;s 7th district, Erzs\u00e9betv\u00e1ros, located near the City Park. The area is bordered by Istv\u00e1n utca, D\u00f3zsa Gy\u00f6rgy \u00fat, Damjanich utca and Rottenbiller utca. The name spread in the early 2000s, mainly at the initiative of real estate agencies and investors, to distinguish the area from the less advantageous parts of K\u00fcls\u0151-Erzs\u00e9betv\u00e1ros. The best-known street of Ligetv\u00e1ros is the patina Damjanich utca, which is also the main shopping street of the area. The name gradually becomes part of the identity of the people living here, strengthening the sense of community. The development of the district is closely linked to the renewal of the City Park, which increases the attractiveness and value of the area.<\/p><p>Ligetv\u00e1ros is thus transformed into a part of the city with a unique character, combining the historical atmosphere with modern city life, taking advantage of the proximity of the City Park.<\/p>\t\t\t\t\t\t\t\t<\/div>\n\t\t\t\t<\/div>\n\t\t\t\t<div class=\"elementor-element elementor-element-00ed61d elementor-widget elementor-widget-image\" data-id=\"00ed61d\" data-element_type=\"widget\" data-widget_type=\"image.default\">\n\t\t\t\t<div class=\"elementor-widget-container\">\n\t\t\t\t\t\t\t\t\t\t\t\t<figure class=\"wp-caption\">\n\t\t\t\t\t\t\t\t\t\t<img decoding=\"async\" width=\"2560\" height=\"918\" src=\"https:\/\/szineserzsebetvaros.hu\/wp-content\/uploads\/2025\/01\/ligetvaros-scaled.jpg\" class=\"attachment-full size-full wp-image-284\" alt=\"\" srcset=\"https:\/\/szineserzsebetvaros.hu\/wp-content\/uploads\/2025\/01\/ligetvaros-scaled.jpg 2560w, https:\/\/szineserzsebetvaros.hu\/wp-content\/uploads\/2025\/01\/ligetvaros-300x108.jpg 300w, https:\/\/szineserzsebetvaros.hu\/wp-content\/uploads\/2025\/01\/ligetvaros-1024x367.jpg 1024w, https:\/\/szineserzsebetvaros.hu\/wp-content\/uploads\/2025\/01\/ligetvaros-768x275.jpg 768w, https:\/\/szineserzsebetvaros.hu\/wp-content\/uploads\/2025\/01\/ligetvaros-1536x551.jpg 1536w, https:\/\/szineserzsebetvaros.hu\/wp-content\/uploads\/2025\/01\/ligetvaros-2048x735.jpg 2048w\" sizes=\"(max-width: 2560px) 100vw, 2560px\" \/>\t\t\t\t\t\t\t\t\t\t\t<figcaption class=\"widget-image-caption wp-caption-text\">Source: Facebook \/ Hanna Kir\u00e1ly<\/figcaption>\n\t\t\t\t\t\t\t\t\t\t<\/figure>\n\t\t\t\t\t\t\t\t\t<\/div>\n\t\t\t\t<\/div>\n\t\t\t\t\t<\/div>\n\t\t\t\t<\/div>\n\t\t\t\t<\/div>","protected":false},"excerpt":{"rendered":"<p>A zsid\u00f3negyed Forr\u00e1s: Unsplash T\u00f6rt\u00e9nelmi h\u00e1tt\u00e9r A 2000-es \u00e9vekben terjedt el a &#8222;zsid\u00f3negyed&#8221; elnevez\u00e9s erre a ter\u00fcletre, ami r\u00e9szben a ker\u00fclet t\u00f6rt\u00e9nelmi m\u00faltj\u00e1ra utal. A 19. sz\u00e1zadt\u00f3l kezdve val\u00f3ban itt \u00f6sszpontosultak a budapesti zsid\u00f3 k\u00f6z\u00f6ss\u00e9g fontos int\u00e9zm\u00e9nyei, b\u00e1r fontos megjegyezni, hogy a zsid\u00f3 lakoss\u00e1g val\u00f3j\u00e1ban a f\u0151v\u00e1ros minden ker\u00fclet\u00e9ben jelen volt. A ter\u00fclet tragikus t\u00f6rt\u00e9nelmi [&hellip;]<\/p>","protected":false},"author":1,"featured_media":0,"parent":0,"menu_order":0,"comment_status":"closed","ping_status":"closed","template":"","meta":{"give_campaign_id":0,"footnotes":""},"class_list":["post-280","page","type-page","status-publish","hentry"],"yoast_head":"<!-- This site is optimized with the Yoast SEO Premium plugin v26.2 (Yoast SEO v26.3) - https:\/\/yoast.com\/wordpress\/plugins\/seo\/ -->\n<title>V\u00e1rosr\u00e9szek - Sz\u00ednes Erzs\u00e9betv\u00e1ros<\/title>\n<meta name=\"robots\" content=\"index, follow, max-snippet:-1, max-image-preview:large, max-video-preview:-1\" \/>\n<link rel=\"canonical\" href=\"https:\/\/szineserzsebetvaros.hu\/en\/neighborhoods\/\" \/>\n<meta property=\"og:locale\" content=\"en_US\" \/>\n<meta property=\"og:type\" content=\"article\" \/>\n<meta property=\"og:title\" content=\"V\u00e1rosr\u00e9szek\" \/>\n<meta property=\"og:description\" content=\"A zsid\u00f3negyed Forr\u00e1s: Unsplash T\u00f6rt\u00e9nelmi h\u00e1tt\u00e9r A 2000-es \u00e9vekben terjedt el a &#8222;zsid\u00f3negyed&#8221; elnevez\u00e9s erre a ter\u00fcletre, ami r\u00e9szben a ker\u00fclet t\u00f6rt\u00e9nelmi m\u00faltj\u00e1ra utal. A 19. sz\u00e1zadt\u00f3l kezdve val\u00f3ban itt \u00f6sszpontosultak a budapesti zsid\u00f3 k\u00f6z\u00f6ss\u00e9g fontos int\u00e9zm\u00e9nyei, b\u00e1r fontos megjegyezni, hogy a zsid\u00f3 lakoss\u00e1g val\u00f3j\u00e1ban a f\u0151v\u00e1ros minden ker\u00fclet\u00e9ben jelen volt. A ter\u00fclet tragikus t\u00f6rt\u00e9nelmi [&hellip;]\" \/>\n<meta property=\"og:url\" content=\"https:\/\/szineserzsebetvaros.hu\/en\/neighborhoods\/\" \/>\n<meta property=\"og:site_name\" content=\"Sz\u00ednes Erzs\u00e9betv\u00e1ros\" \/>\n<meta property=\"article:publisher\" content=\"https:\/\/www.facebook.com\/szineserzsebetvaros\" \/>\n<meta property=\"article:modified_time\" content=\"2025-06-18T15:18:18+00:00\" \/>\n<meta property=\"og:image\" content=\"https:\/\/szineserzsebetvaros.hu\/wp-content\/uploads\/2025\/01\/kristijan-arsov-eEAZ-SYI3nM-unsplash-scaled.jpg\" \/>\n\t<meta property=\"og:image:width\" content=\"2560\" \/>\n\t<meta property=\"og:image:height\" content=\"1544\" \/>\n\t<meta property=\"og:image:type\" content=\"image\/jpeg\" \/>\n<meta name=\"twitter:card\" content=\"summary_large_image\" \/>\n<meta name=\"twitter:label1\" content=\"Est. reading time\" \/>\n\t<meta name=\"twitter:data1\" content=\"4 minutes\" \/>\n<script type=\"application\/ld+json\" class=\"yoast-schema-graph\">{\"@context\":\"https:\/\/schema.org\",\"@graph\":[{\"@type\":\"WebPage\",\"@id\":\"https:\/\/szineserzsebetvaros.hu\/varosreszek\/\",\"url\":\"https:\/\/szineserzsebetvaros.hu\/varosreszek\/\",\"name\":\"V\u00e1rosr\u00e9szek - Sz\u00ednes Erzs\u00e9betv\u00e1ros\",\"isPartOf\":{\"@id\":\"https:\/\/szineserzsebetvaros.hu\/#website\"},\"primaryImageOfPage\":{\"@id\":\"https:\/\/szineserzsebetvaros.hu\/varosreszek\/#primaryimage\"},\"image\":{\"@id\":\"https:\/\/szineserzsebetvaros.hu\/varosreszek\/#primaryimage\"},\"thumbnailUrl\":\"https:\/\/szineserzsebetvaros.hu\/wp-content\/uploads\/2025\/01\/kristijan-arsov-eEAZ-SYI3nM-unsplash-scaled.jpg\",\"datePublished\":\"2025-01-06T22:41:25+00:00\",\"dateModified\":\"2025-06-18T15:18:18+00:00\",\"breadcrumb\":{\"@id\":\"https:\/\/szineserzsebetvaros.hu\/varosreszek\/#breadcrumb\"},\"inLanguage\":\"en-US\",\"potentialAction\":[{\"@type\":\"ReadAction\",\"target\":[\"https:\/\/szineserzsebetvaros.hu\/varosreszek\/\"]}]},{\"@type\":\"ImageObject\",\"inLanguage\":\"en-US\",\"@id\":\"https:\/\/szineserzsebetvaros.hu\/varosreszek\/#primaryimage\",\"url\":\"https:\/\/szineserzsebetvaros.hu\/wp-content\/uploads\/2025\/01\/kristijan-arsov-eEAZ-SYI3nM-unsplash-scaled.jpg\",\"contentUrl\":\"https:\/\/szineserzsebetvaros.hu\/wp-content\/uploads\/2025\/01\/kristijan-arsov-eEAZ-SYI3nM-unsplash-scaled.jpg\"},{\"@type\":\"BreadcrumbList\",\"@id\":\"https:\/\/szineserzsebetvaros.hu\/varosreszek\/#breadcrumb\",\"itemListElement\":[{\"@type\":\"ListItem\",\"position\":1,\"name\":\"Kezd\u0151lap\",\"item\":\"https:\/\/szineserzsebetvaros.hu\/\"},{\"@type\":\"ListItem\",\"position\":2,\"name\":\"V\u00e1rosr\u00e9szek\"}]},{\"@type\":\"WebSite\",\"@id\":\"https:\/\/szineserzsebetvaros.hu\/#website\",\"url\":\"https:\/\/szineserzsebetvaros.hu\/\",\"name\":\"Sz\u00ednes Erzs\u00e9betv\u00e1ros\",\"description\":\"Erzs\u00e9betv\u00e1ros, Budapest VII. ker\u00fclet\u00e9nek port\u00e1lja\",\"publisher\":{\"@id\":\"https:\/\/szineserzsebetvaros.hu\/#organization\"},\"potentialAction\":[{\"@type\":\"SearchAction\",\"target\":{\"@type\":\"EntryPoint\",\"urlTemplate\":\"https:\/\/szineserzsebetvaros.hu\/?s={search_term_string}\"},\"query-input\":{\"@type\":\"PropertyValueSpecification\",\"valueRequired\":true,\"valueName\":\"search_term_string\"}}],\"inLanguage\":\"en-US\"},{\"@type\":\"Organization\",\"@id\":\"https:\/\/szineserzsebetvaros.hu\/#organization\",\"name\":\"Sz\u00ednes Erzs\u00e9betv\u00e1ros\",\"url\":\"https:\/\/szineserzsebetvaros.hu\/\",\"logo\":{\"@type\":\"ImageObject\",\"inLanguage\":\"en-US\",\"@id\":\"https:\/\/szineserzsebetvaros.hu\/#\/schema\/logo\/image\/\",\"url\":\"https:\/\/szineserzsebetvaros.hu\/wp-content\/uploads\/2024\/10\/SZEVlogo_color-2.png\",\"contentUrl\":\"https:\/\/szineserzsebetvaros.hu\/wp-content\/uploads\/2024\/10\/SZEVlogo_color-2.png\",\"width\":350,\"height\":102,\"caption\":\"Sz\u00ednes Erzs\u00e9betv\u00e1ros\"},\"image\":{\"@id\":\"https:\/\/szineserzsebetvaros.hu\/#\/schema\/logo\/image\/\"},\"sameAs\":[\"https:\/\/www.facebook.com\/szineserzsebetvaros\"]}]}<\/script>\n<!-- \/ Yoast SEO Premium plugin. -->","yoast_head_json":{"title":"V\u00e1rosr\u00e9szek - Sz\u00ednes Erzs\u00e9betv\u00e1ros","robots":{"index":"index","follow":"follow","max-snippet":"max-snippet:-1","max-image-preview":"max-image-preview:large","max-video-preview":"max-video-preview:-1"},"canonical":"https:\/\/szineserzsebetvaros.hu\/en\/neighborhoods\/","og_locale":"en_US","og_type":"article","og_title":"V\u00e1rosr\u00e9szek","og_description":"A zsid\u00f3negyed Forr\u00e1s: Unsplash T\u00f6rt\u00e9nelmi h\u00e1tt\u00e9r A 2000-es \u00e9vekben terjedt el a &#8222;zsid\u00f3negyed&#8221; elnevez\u00e9s erre a ter\u00fcletre, ami r\u00e9szben a ker\u00fclet t\u00f6rt\u00e9nelmi m\u00faltj\u00e1ra utal. A 19. sz\u00e1zadt\u00f3l kezdve val\u00f3ban itt \u00f6sszpontosultak a budapesti zsid\u00f3 k\u00f6z\u00f6ss\u00e9g fontos int\u00e9zm\u00e9nyei, b\u00e1r fontos megjegyezni, hogy a zsid\u00f3 lakoss\u00e1g val\u00f3j\u00e1ban a f\u0151v\u00e1ros minden ker\u00fclet\u00e9ben jelen volt. A ter\u00fclet tragikus t\u00f6rt\u00e9nelmi [&hellip;]","og_url":"https:\/\/szineserzsebetvaros.hu\/en\/neighborhoods\/","og_site_name":"Sz\u00ednes Erzs\u00e9betv\u00e1ros","article_publisher":"https:\/\/www.facebook.com\/szineserzsebetvaros","article_modified_time":"2025-06-18T15:18:18+00:00","og_image":[{"width":2560,"height":1544,"url":"https:\/\/szineserzsebetvaros.hu\/wp-content\/uploads\/2025\/01\/kristijan-arsov-eEAZ-SYI3nM-unsplash-scaled.jpg","type":"image\/jpeg"}],"twitter_card":"summary_large_image","twitter_misc":{"Est. reading time":"4 minutes"},"schema":{"@context":"https:\/\/schema.org","@graph":[{"@type":"WebPage","@id":"https:\/\/szineserzsebetvaros.hu\/varosreszek\/","url":"https:\/\/szineserzsebetvaros.hu\/varosreszek\/","name":"V\u00e1rosr\u00e9szek - Sz\u00ednes Erzs\u00e9betv\u00e1ros","isPartOf":{"@id":"https:\/\/szineserzsebetvaros.hu\/#website"},"primaryImageOfPage":{"@id":"https:\/\/szineserzsebetvaros.hu\/varosreszek\/#primaryimage"},"image":{"@id":"https:\/\/szineserzsebetvaros.hu\/varosreszek\/#primaryimage"},"thumbnailUrl":"https:\/\/szineserzsebetvaros.hu\/wp-content\/uploads\/2025\/01\/kristijan-arsov-eEAZ-SYI3nM-unsplash-scaled.jpg","datePublished":"2025-01-06T22:41:25+00:00","dateModified":"2025-06-18T15:18:18+00:00","breadcrumb":{"@id":"https:\/\/szineserzsebetvaros.hu\/varosreszek\/#breadcrumb"},"inLanguage":"en-US","potentialAction":[{"@type":"ReadAction","target":["https:\/\/szineserzsebetvaros.hu\/varosreszek\/"]}]},{"@type":"ImageObject","inLanguage":"en-US","@id":"https:\/\/szineserzsebetvaros.hu\/varosreszek\/#primaryimage","url":"https:\/\/szineserzsebetvaros.hu\/wp-content\/uploads\/2025\/01\/kristijan-arsov-eEAZ-SYI3nM-unsplash-scaled.jpg","contentUrl":"https:\/\/szineserzsebetvaros.hu\/wp-content\/uploads\/2025\/01\/kristijan-arsov-eEAZ-SYI3nM-unsplash-scaled.jpg"},{"@type":"BreadcrumbList","@id":"https:\/\/szineserzsebetvaros.hu\/varosreszek\/#breadcrumb","itemListElement":[{"@type":"ListItem","position":1,"name":"Kezd\u0151lap","item":"https:\/\/szineserzsebetvaros.hu\/"},{"@type":"ListItem","position":2,"name":"V\u00e1rosr\u00e9szek"}]},{"@type":"WebSite","@id":"https:\/\/szineserzsebetvaros.hu\/#website","url":"https:\/\/szineserzsebetvaros.hu\/","name":"Sz\u00ednes Erzs\u00e9betv\u00e1ros","description":"Erzs\u00e9betv\u00e1ros, Budapest VII. ker\u00fclet\u00e9nek port\u00e1lja","publisher":{"@id":"https:\/\/szineserzsebetvaros.hu\/#organization"},"potentialAction":[{"@type":"SearchAction","target":{"@type":"EntryPoint","urlTemplate":"https:\/\/szineserzsebetvaros.hu\/?s={search_term_string}"},"query-input":{"@type":"PropertyValueSpecification","valueRequired":true,"valueName":"search_term_string"}}],"inLanguage":"en-US"},{"@type":"Organization","@id":"https:\/\/szineserzsebetvaros.hu\/#organization","name":"Sz\u00ednes Erzs\u00e9betv\u00e1ros","url":"https:\/\/szineserzsebetvaros.hu\/","logo":{"@type":"ImageObject","inLanguage":"en-US","@id":"https:\/\/szineserzsebetvaros.hu\/#\/schema\/logo\/image\/","url":"https:\/\/szineserzsebetvaros.hu\/wp-content\/uploads\/2024\/10\/SZEVlogo_color-2.png","contentUrl":"https:\/\/szineserzsebetvaros.hu\/wp-content\/uploads\/2024\/10\/SZEVlogo_color-2.png","width":350,"height":102,"caption":"Sz\u00ednes Erzs\u00e9betv\u00e1ros"},"image":{"@id":"https:\/\/szineserzsebetvaros.hu\/#\/schema\/logo\/image\/"},"sameAs":["https:\/\/www.facebook.com\/szineserzsebetvaros"]}]}},"campaignId":"","_links":{"self":[{"href":"https:\/\/szineserzsebetvaros.hu\/en\/wp-json\/wp\/v2\/pages\/280","targetHints":{"allow":["GET"]}}],"collection":[{"href":"https:\/\/szineserzsebetvaros.hu\/en\/wp-json\/wp\/v2\/pages"}],"about":[{"href":"https:\/\/szineserzsebetvaros.hu\/en\/wp-json\/wp\/v2\/types\/page"}],"author":[{"embeddable":true,"href":"https:\/\/szineserzsebetvaros.hu\/en\/wp-json\/wp\/v2\/users\/1"}],"replies":[{"embeddable":true,"href":"https:\/\/szineserzsebetvaros.hu\/en\/wp-json\/wp\/v2\/comments?post=280"}],"version-history":[{"count":10,"href":"https:\/\/szineserzsebetvaros.hu\/en\/wp-json\/wp\/v2\/pages\/280\/revisions"}],"predecessor-version":[{"id":1100,"href":"https:\/\/szineserzsebetvaros.hu\/en\/wp-json\/wp\/v2\/pages\/280\/revisions\/1100"}],"wp:attachment":[{"href":"https:\/\/szineserzsebetvaros.hu\/en\/wp-json\/wp\/v2\/media?parent=280"}],"curies":[{"name":"wp","href":"https:\/\/api.w.org\/{rel}","templated":true}]}}