{"id":1471,"date":"2025-10-16T09:42:34","date_gmt":"2025-10-16T07:42:34","guid":{"rendered":"https:\/\/szineserzsebetvaros.hu\/?page_id=1471"},"modified":"2025-10-16T09:43:00","modified_gmt":"2025-10-16T07:43:00","slug":"tamogatas-copy-2","status":"publish","type":"page","link":"https:\/\/szineserzsebetvaros.hu\/en\/tamogatas-copy-2\/","title":{"rendered":"Mikul\u00e1snapi adom\u00e1nygy\u0171jt\u00e9s"},"content":{"rendered":"<div class=\"wp-block-columns is-layout-flex wp-container-core-columns-is-layout-62db62f3 wp-block-columns-is-layout-flex\" style=\"padding-top:0;padding-bottom:0\">\n<div class=\"wp-block-column is-vertically-aligned-stretch is-layout-flow wp-block-column-is-layout-flow\" style=\"flex-basis:60%\"><\/div>\n\n\n\n<div class=\"wp-block-column is-vertically-aligned-stretch is-layout-flow wp-block-column-is-layout-flow\">\n<div class=\"wp-block-group is-vertical is-content-justification-stretch is-layout-flex wp-container-core-group-is-layout-628836ec wp-block-group-is-layout-flex\" style=\"min-height:100%\">\n<div style=\"--givewp-primary-color: #95c12b; --givewp-secondary-color: #f49420;\" class=\"wp-block-givewp-campaign-goal\">\n    <div data-givewp-campaign-goal data-id=\"6\"><\/div>\n<\/div>\n\n\n\n<div class=\"wp-block-group wp-container-content-9cfa9a5a is-vertical is-layout-flex wp-container-core-group-is-layout-8cf370e7 wp-block-group-is-layout-flex\">\n<div class=\"givewp-campaign-stats-block wp-block-givewp-campaign-stats-block\">\n    <span>Top Donation<\/span>\n    <strong>HUF\u00a00.00<\/strong>\n<\/div>\n\n\n\n<div class=\"givewp-campaign-stats-block wp-block-givewp-campaign-stats-block\">\n    <span>Average Donation<\/span>\n    <strong>HUF\u00a00.00<\/strong>\n<\/div>\n<\/div>\n\n\n\n<div\n    class=\"givewp-campaign-donate-button-block wp-block-givewp-campaign-donate-button\"    style=\"--givewp-primary-color: #95c12b;\">\n    <div class='root-data-givewp-embed' data-form-locale='en_US' data-form-url='https:\/\/szineserzsebetvaros.hu\/?post_type=give_forms&#038;p=1470' data-form-view-url='https:\/\/szineserzsebetvaros.hu\/en\/?givewp-route=donation-form-view&#038;form-id=1470' data-src='https:\/\/szineserzsebetvaros.hu\/en\/?givewp-route=donation-form-view&#038;form-id=1470' data-givewp-embed-id='givewp-embed-1' data-form-format='modal' data-open-form-button='Donate'><\/div><\/div>\n<\/div>\n<\/div>\n<\/div>\n\n\n\n<p><\/p>\n\n\n<div\n    class=\"givewp-campaign-donations-block wp-block-givewp-campaign-donations\"    style=\"--givewp-primary-color: #95c12b; --givewp-secondary-color: #f49420;\">\n    <div class=\"givewp-campaign-donations-block__header\">\n        <h2 class=\"givewp-campaign-donations-block__title\">Recent Donations<\/h2>\n            <\/div>\n\n            <div class=\"givewp-campaign-donations-block__empty-state\">\n            <h3 class=\"givewp-campaign-donations-block__empty-title\">\n                Every campaign starts with one donation.            <\/h3>\n            <p class=\"givewp-campaign-donations-block__empty-description\">\n                Be the one to mate it happen!            <\/p>\n\n            <div class=\"givewp-campaign-donations-block__empty-icon\">\n                <svg width=\"40\" height=\"40\" viewbox=\"0 0 40 40\"\n     fill=\"none\" xmlns=\"http:\/\/www.w3.org\/2000\/svg\">\n    <path\n        d=\"M11.6628 31.6719H28.3294M31.6628 26.6719C32.9578 26.7102 33.7294 26.8552 34.2628 27.3902C34.9961 28.1235 34.9961 29.3035 34.9961 31.6652C34.9961 34.0252 34.9961 35.2052 34.2628 35.9385C33.5311 36.6719 32.3528 36.6719 29.9961 36.6719H9.99609C7.63943 36.6719 6.46109 36.6719 5.72943 35.9385C4.99776 35.2052 4.99609 34.0252 4.99609 31.6652C4.99609 29.3052 4.99609 28.1235 5.72943 27.3902C6.26276 26.8569 7.03443 26.7102 8.32943 26.6719\"\n        stroke=\"currentColor\" stroke-width=\"2.5\" stroke-linecap=\"round\"\n        stroke-linejoin=\"round\" \/>\n    <path\n        d=\"M23.8559 31.6691C24.4744 31.1394 24.9712 30.4822 25.3121 29.7426C25.653 29.003 25.8299 28.1984 25.8309 27.3841C25.8309 24.2274 23.2192 21.6691 19.9975 21.6691C16.7759 21.6691 14.1642 24.2274 14.1642 27.3841C14.1651 28.1984 14.3421 29.003 14.683 29.7426C15.0239 30.4822 15.5206 31.1394 16.1392 31.6691M33.3309 16.6691H29.3392C28.8492 16.6691 28.3659 16.5591 27.9275 16.3457L24.5242 14.6991C24.0833 14.4868 23.6002 14.3769 23.1109 14.3774H21.3742C19.6942 14.3774 18.3309 13.0591 18.3309 11.4324C18.3309 11.3657 18.3759 11.3091 18.4409 11.2907L22.6759 10.1207C23.4356 9.91029 24.2459 9.98314 24.9559 10.3257L28.5942 12.0857M18.3309 12.5024L10.6759 14.8541C10.0094 15.0586 9.29545 15.0473 8.6358 14.8219C7.97614 14.5966 7.40453 14.1686 7.00254 13.5991C6.38754 12.7491 6.63754 11.5291 7.5342 11.0124L20.0592 3.78407C20.4508 3.55747 20.8845 3.41297 21.3338 3.35939C21.7831 3.30581 22.2386 3.34426 22.6725 3.4724L33.3309 6.63573\"\n        stroke=\"currentColor\" stroke-width=\"2.5\" stroke-linecap=\"round\"\n        stroke-linejoin=\"round\" \/>\n<\/svg>\n            <\/div>\n\n                            <div class=\"givewp-campaign-donations-block__empty-button\">\n                    <div class='root-data-givewp-embed' data-form-locale='en_US' data-form-url='https:\/\/szineserzsebetvaros.hu\/?post_type=give_forms&#038;p=1470' data-form-view-url='https:\/\/szineserzsebetvaros.hu\/en\/?givewp-route=donation-form-view&#038;form-id=1470' data-src='https:\/\/szineserzsebetvaros.hu\/en\/?givewp-route=donation-form-view&#038;form-id=1470' data-givewp-embed-id='givewp-embed-2' data-form-format='modal' data-open-form-button='Be the first'><\/div>                <\/div>\n                    <\/div>\n    <\/div>\n\n\n<div\n    class=\"givewp-campaign-donors-block wp-block-givewp-campaign-donors\"    style=\"--givewp-primary-color: #95c12b; --givewp-secondary-color: #f49420;\">\n    <div class=\"givewp-campaign-donors-block__header\">\n        <h2 class=\"givewp-campaign-donors-block__title\">Top Donors<\/h2>\n            <\/div>\n\n            <div class=\"givewp-campaign-donors-block__empty-state\">\n            <h3 class=\"givewp-campaign-donors-block__empty-title\">\n                No top donors listed yet.            <\/h3>\n            <p class=\"givewp-campaign-donors-block__empty-description\">\n                Be one of the first to make an impact!            <\/p>\n\n            <div class=\"givewp-campaign-donors-block__empty-icon\">\n                <svg  width=\"40\" height=\"40\" viewbox=\"0 0 40 40\"\n     fill=\"none\" xmlns=\"http:\/\/www.w3.org\/2000\/svg\">\n    <path\n        d=\"M5 33.333c3.893-4.129 9.178-6.666 15-6.666 5.822 0 11.107 2.537 15 6.666M27.5 12.5a7.5 7.5 0 1 1-15 0 7.5 7.5 0 0 1 15 0z\"\n        stroke=\"currentColor\" stroke-width=\"3.333\" stroke-linecap=\"round\"\n        stroke-linejoin=\"round\" \/>\n<\/svg>\n            <\/div>\n\n                            <div class=\"givewp-campaign-donors-block__empty-button\">\n                    <div class='root-data-givewp-embed' data-form-locale='en_US' data-form-url='https:\/\/szineserzsebetvaros.hu\/?post_type=give_forms&#038;p=1470' data-form-view-url='https:\/\/szineserzsebetvaros.hu\/en\/?givewp-route=donation-form-view&#038;form-id=1470' data-src='https:\/\/szineserzsebetvaros.hu\/en\/?givewp-route=donation-form-view&#038;form-id=1470' data-givewp-embed-id='givewp-embed-3' data-form-format='modal' data-open-form-button='Be the first donor'><\/div>                <\/div>\n                    <\/div>\n    <\/div>","protected":false},"excerpt":{"rendered":"","protected":false},"author":1,"featured_media":0,"parent":0,"menu_order":0,"comment_status":"closed","ping_status":"closed","template":"","meta":{"give_campaign_id":6,"footnotes":""},"class_list":["post-1471","page","type-page","status-publish","hentry"],"yoast_head":"<!-- This site is optimized with the Yoast SEO Premium plugin v26.2 (Yoast SEO v26.3) - https:\/\/yoast.com\/wordpress\/plugins\/seo\/ -->\n<title>Mikul\u00e1snapi adom\u00e1nygy\u0171jt\u00e9s - Sz\u00ednes Erzs\u00e9betv\u00e1ros<\/title>\n<meta name=\"robots\" content=\"index, follow, max-snippet:-1, max-image-preview:large, max-video-preview:-1\" \/>\n<link rel=\"canonical\" href=\"https:\/\/szineserzsebetvaros.hu\/en\/tamogatas-copy-2\/\" \/>\n<meta property=\"og:locale\" content=\"en_US\" \/>\n<meta property=\"og:type\" content=\"article\" \/>\n<meta property=\"og:title\" content=\"Mikul\u00e1snapi adom\u00e1nygy\u0171jt\u00e9s\" \/>\n<meta property=\"og:url\" content=\"https:\/\/szineserzsebetvaros.hu\/en\/tamogatas-copy-2\/\" \/>\n<meta property=\"og:site_name\" content=\"Sz\u00ednes Erzs\u00e9betv\u00e1ros\" \/>\n<meta property=\"article:publisher\" content=\"https:\/\/www.facebook.com\/szineserzsebetvaros\" \/>\n<meta property=\"article:modified_time\" content=\"2025-10-16T07:43:00+00:00\" \/>\n<meta name=\"twitter:card\" content=\"summary_large_image\" \/>\n<script type=\"application\/ld+json\" class=\"yoast-schema-graph\">{\"@context\":\"https:\/\/schema.org\",\"@graph\":[{\"@type\":\"WebPage\",\"@id\":\"https:\/\/szineserzsebetvaros.hu\/tamogatas-copy-2\/\",\"url\":\"https:\/\/szineserzsebetvaros.hu\/tamogatas-copy-2\/\",\"name\":\"Mikul\u00e1snapi adom\u00e1nygy\u0171jt\u00e9s - Sz\u00ednes Erzs\u00e9betv\u00e1ros\",\"isPartOf\":{\"@id\":\"https:\/\/szineserzsebetvaros.hu\/#website\"},\"datePublished\":\"2025-10-16T07:42:34+00:00\",\"dateModified\":\"2025-10-16T07:43:00+00:00\",\"breadcrumb\":{\"@id\":\"https:\/\/szineserzsebetvaros.hu\/tamogatas-copy-2\/#breadcrumb\"},\"inLanguage\":\"en-US\",\"potentialAction\":[{\"@type\":\"ReadAction\",\"target\":[\"https:\/\/szineserzsebetvaros.hu\/tamogatas-copy-2\/\"]}]},{\"@type\":\"BreadcrumbList\",\"@id\":\"https:\/\/szineserzsebetvaros.hu\/tamogatas-copy-2\/#breadcrumb\",\"itemListElement\":[{\"@type\":\"ListItem\",\"position\":1,\"name\":\"Kezd\u0151lap\",\"item\":\"https:\/\/szineserzsebetvaros.hu\/\"},{\"@type\":\"ListItem\",\"position\":2,\"name\":\"Mikul\u00e1snapi adom\u00e1nygy\u0171jt\u00e9s\"}]},{\"@type\":\"WebSite\",\"@id\":\"https:\/\/szineserzsebetvaros.hu\/#website\",\"url\":\"https:\/\/szineserzsebetvaros.hu\/\",\"name\":\"Sz\u00ednes Erzs\u00e9betv\u00e1ros\",\"description\":\"Erzs\u00e9betv\u00e1ros, Budapest VII. ker\u00fclet\u00e9nek port\u00e1lja\",\"publisher\":{\"@id\":\"https:\/\/szineserzsebetvaros.hu\/#organization\"},\"potentialAction\":[{\"@type\":\"SearchAction\",\"target\":{\"@type\":\"EntryPoint\",\"urlTemplate\":\"https:\/\/szineserzsebetvaros.hu\/?s={search_term_string}\"},\"query-input\":{\"@type\":\"PropertyValueSpecification\",\"valueRequired\":true,\"valueName\":\"search_term_string\"}}],\"inLanguage\":\"en-US\"},{\"@type\":\"Organization\",\"@id\":\"https:\/\/szineserzsebetvaros.hu\/#organization\",\"name\":\"Sz\u00ednes Erzs\u00e9betv\u00e1ros\",\"url\":\"https:\/\/szineserzsebetvaros.hu\/\",\"logo\":{\"@type\":\"ImageObject\",\"inLanguage\":\"en-US\",\"@id\":\"https:\/\/szineserzsebetvaros.hu\/#\/schema\/logo\/image\/\",\"url\":\"https:\/\/szineserzsebetvaros.hu\/wp-content\/uploads\/2024\/10\/SZEVlogo_color-2.png\",\"contentUrl\":\"https:\/\/szineserzsebetvaros.hu\/wp-content\/uploads\/2024\/10\/SZEVlogo_color-2.png\",\"width\":350,\"height\":102,\"caption\":\"Sz\u00ednes Erzs\u00e9betv\u00e1ros\"},\"image\":{\"@id\":\"https:\/\/szineserzsebetvaros.hu\/#\/schema\/logo\/image\/\"},\"sameAs\":[\"https:\/\/www.facebook.com\/szineserzsebetvaros\"]}]}<\/script>\n<!-- \/ Yoast SEO Premium plugin. -->","yoast_head_json":{"title":"Mikul\u00e1snapi adom\u00e1nygy\u0171jt\u00e9s - Sz\u00ednes Erzs\u00e9betv\u00e1ros","robots":{"index":"index","follow":"follow","max-snippet":"max-snippet:-1","max-image-preview":"max-image-preview:large","max-video-preview":"max-video-preview:-1"},"canonical":"https:\/\/szineserzsebetvaros.hu\/en\/tamogatas-copy-2\/","og_locale":"en_US","og_type":"article","og_title":"Mikul\u00e1snapi adom\u00e1nygy\u0171jt\u00e9s","og_url":"https:\/\/szineserzsebetvaros.hu\/en\/tamogatas-copy-2\/","og_site_name":"Sz\u00ednes Erzs\u00e9betv\u00e1ros","article_publisher":"https:\/\/www.facebook.com\/szineserzsebetvaros","article_modified_time":"2025-10-16T07:43:00+00:00","twitter_card":"summary_large_image","schema":{"@context":"https:\/\/schema.org","@graph":[{"@type":"WebPage","@id":"https:\/\/szineserzsebetvaros.hu\/tamogatas-copy-2\/","url":"https:\/\/szineserzsebetvaros.hu\/tamogatas-copy-2\/","name":"Mikul\u00e1snapi adom\u00e1nygy\u0171jt\u00e9s - Sz\u00ednes Erzs\u00e9betv\u00e1ros","isPartOf":{"@id":"https:\/\/szineserzsebetvaros.hu\/#website"},"datePublished":"2025-10-16T07:42:34+00:00","dateModified":"2025-10-16T07:43:00+00:00","breadcrumb":{"@id":"https:\/\/szineserzsebetvaros.hu\/tamogatas-copy-2\/#breadcrumb"},"inLanguage":"en-US","potentialAction":[{"@type":"ReadAction","target":["https:\/\/szineserzsebetvaros.hu\/tamogatas-copy-2\/"]}]},{"@type":"BreadcrumbList","@id":"https:\/\/szineserzsebetvaros.hu\/tamogatas-copy-2\/#breadcrumb","itemListElement":[{"@type":"ListItem","position":1,"name":"Kezd\u0151lap","item":"https:\/\/szineserzsebetvaros.hu\/"},{"@type":"ListItem","position":2,"name":"Mikul\u00e1snapi adom\u00e1nygy\u0171jt\u00e9s"}]},{"@type":"WebSite","@id":"https:\/\/szineserzsebetvaros.hu\/#website","url":"https:\/\/szineserzsebetvaros.hu\/","name":"Sz\u00ednes Erzs\u00e9betv\u00e1ros","description":"Erzs\u00e9betv\u00e1ros, Budapest VII. ker\u00fclet\u00e9nek port\u00e1lja","publisher":{"@id":"https:\/\/szineserzsebetvaros.hu\/#organization"},"potentialAction":[{"@type":"SearchAction","target":{"@type":"EntryPoint","urlTemplate":"https:\/\/szineserzsebetvaros.hu\/?s={search_term_string}"},"query-input":{"@type":"PropertyValueSpecification","valueRequired":true,"valueName":"search_term_string"}}],"inLanguage":"en-US"},{"@type":"Organization","@id":"https:\/\/szineserzsebetvaros.hu\/#organization","name":"Sz\u00ednes Erzs\u00e9betv\u00e1ros","url":"https:\/\/szineserzsebetvaros.hu\/","logo":{"@type":"ImageObject","inLanguage":"en-US","@id":"https:\/\/szineserzsebetvaros.hu\/#\/schema\/logo\/image\/","url":"https:\/\/szineserzsebetvaros.hu\/wp-content\/uploads\/2024\/10\/SZEVlogo_color-2.png","contentUrl":"https:\/\/szineserzsebetvaros.hu\/wp-content\/uploads\/2024\/10\/SZEVlogo_color-2.png","width":350,"height":102,"caption":"Sz\u00ednes Erzs\u00e9betv\u00e1ros"},"image":{"@id":"https:\/\/szineserzsebetvaros.hu\/#\/schema\/logo\/image\/"},"sameAs":["https:\/\/www.facebook.com\/szineserzsebetvaros"]}]}},"campaignId":"6","_links":{"self":[{"href":"https:\/\/szineserzsebetvaros.hu\/en\/wp-json\/wp\/v2\/pages\/1471","targetHints":{"allow":["GET"]}}],"collection":[{"href":"https:\/\/szineserzsebetvaros.hu\/en\/wp-json\/wp\/v2\/pages"}],"about":[{"href":"https:\/\/szineserzsebetvaros.hu\/en\/wp-json\/wp\/v2\/types\/page"}],"author":[{"embeddable":true,"href":"https:\/\/szineserzsebetvaros.hu\/en\/wp-json\/wp\/v2\/users\/1"}],"replies":[{"embeddable":true,"href":"https:\/\/szineserzsebetvaros.hu\/en\/wp-json\/wp\/v2\/comments?post=1471"}],"version-history":[{"count":2,"href":"https:\/\/szineserzsebetvaros.hu\/en\/wp-json\/wp\/v2\/pages\/1471\/revisions"}],"predecessor-version":[{"id":1473,"href":"https:\/\/szineserzsebetvaros.hu\/en\/wp-json\/wp\/v2\/pages\/1471\/revisions\/1473"}],"wp:attachment":[{"href":"https:\/\/szineserzsebetvaros.hu\/en\/wp-json\/wp\/v2\/media?parent=1471"}],"curies":[{"name":"wp","href":"https:\/\/api.w.org\/{rel}","templated":true}]}}