{"id":1466,"date":"2025-10-16T09:55:33","date_gmt":"2025-10-16T07:55:33","guid":{"rendered":"https:\/\/szineserzsebetvaros.hu\/?page_id=1466"},"modified":"2025-10-17T09:57:06","modified_gmt":"2025-10-17T07:57:06","slug":"adomanygyujtes-mikulasnapi-ajandekokra","status":"publish","type":"page","link":"https:\/\/szineserzsebetvaros.hu\/en\/adomanygyujtes-mikulasnapi-ajandekokra\/","title":{"rendered":"Adom\u00e1nygy\u0171jt\u00e9s Mikul\u00e1snapi aj\u00e1nd\u00e9kokra"},"content":{"rendered":"<div data-elementor-type=\"wp-page\" data-elementor-id=\"1466\" class=\"elementor elementor-1466\" data-elementor-post-type=\"page\">\n\t\t\t\t<div class=\"elementor-element elementor-element-3494e51 e-flex e-con-boxed e-con e-parent\" data-id=\"3494e51\" data-element_type=\"container\">\n\t\t\t\t\t<div class=\"e-con-inner\">\n\t\t\t\t<div class=\"elementor-element elementor-element-4dde18f elementor-widget elementor-widget-image\" data-id=\"4dde18f\" data-element_type=\"widget\" data-widget_type=\"image.default\">\n\t\t\t\t<div class=\"elementor-widget-container\">\n\t\t\t\t\t\t\t\t\t\t\t\t\t\t\t<img fetchpriority=\"high\" decoding=\"async\" width=\"800\" height=\"420\" src=\"https:\/\/szineserzsebetvaros.hu\/wp-content\/uploads\/2025\/10\/Red-Blue-and-White-Playful-Christmas-Letter-to-Santa-Claus-A4-Document-1200-x-630-keppont-1024x538.png\" class=\"attachment-large size-large wp-image-1482\" alt=\"\" srcset=\"https:\/\/szineserzsebetvaros.hu\/wp-content\/uploads\/2025\/10\/Red-Blue-and-White-Playful-Christmas-Letter-to-Santa-Claus-A4-Document-1200-x-630-keppont-1024x538.png 1024w, https:\/\/szineserzsebetvaros.hu\/wp-content\/uploads\/2025\/10\/Red-Blue-and-White-Playful-Christmas-Letter-to-Santa-Claus-A4-Document-1200-x-630-keppont-300x158.png 300w, https:\/\/szineserzsebetvaros.hu\/wp-content\/uploads\/2025\/10\/Red-Blue-and-White-Playful-Christmas-Letter-to-Santa-Claus-A4-Document-1200-x-630-keppont-768x403.png 768w, https:\/\/szineserzsebetvaros.hu\/wp-content\/uploads\/2025\/10\/Red-Blue-and-White-Playful-Christmas-Letter-to-Santa-Claus-A4-Document-1200-x-630-keppont-18x9.png 18w, https:\/\/szineserzsebetvaros.hu\/wp-content\/uploads\/2025\/10\/Red-Blue-and-White-Playful-Christmas-Letter-to-Santa-Claus-A4-Document-1200-x-630-keppont.png 1200w\" sizes=\"(max-width: 800px) 100vw, 800px\" \/>\t\t\t\t\t\t\t\t\t\t\t\t\t\t\t<\/div>\n\t\t\t\t<\/div>\n\t\t\t\t\t<\/div>\n\t\t\t\t<\/div>\n\t\t<div class=\"elementor-element elementor-element-d5d30d5 e-flex e-con-boxed e-con e-parent\" data-id=\"d5d30d5\" data-element_type=\"container\">\n\t\t\t\t\t<div class=\"e-con-inner\">\n\t\t\t\t<div class=\"elementor-element elementor-element-660cb0c elementor-widget elementor-widget-shortcode\" data-id=\"660cb0c\" data-element_type=\"widget\" data-widget_type=\"shortcode.default\">\n\t\t\t\t<div class=\"elementor-widget-container\">\n\t\t\t\t\t\t\t<div class=\"elementor-shortcode\"><div class='root-data-givewp-embed' data-form-locale='en_US' data-form-url='https:\/\/szineserzsebetvaros.hu\/?post_type=give_forms&#038;p=1470' data-form-view-url='https:\/\/szineserzsebetvaros.hu\/en\/?givewp-route=donation-form-view&form-id=1470' data-src='https:\/\/szineserzsebetvaros.hu\/en\/?givewp-route=donation-form-view&form-id=1470' data-givewp-embed-id='give-form-shortcode-1' data-form-format='' data-open-form-button='Donate now'><\/div><\/div>\n\t\t\t\t\t\t<\/div>\n\t\t\t\t<\/div>\n\t\t\t\t\t<\/div>\n\t\t\t\t<\/div>\n\t\t\t\t<\/div>","protected":false},"excerpt":{"rendered":"","protected":false},"author":1,"featured_media":0,"parent":0,"menu_order":0,"comment_status":"closed","ping_status":"closed","template":"","meta":{"give_campaign_id":0,"footnotes":""},"class_list":["post-1466","page","type-page","status-publish","hentry"],"yoast_head":"<!-- This site is optimized with the Yoast SEO Premium plugin v26.2 (Yoast SEO v26.3) - https:\/\/yoast.com\/wordpress\/plugins\/seo\/ -->\n<title>Adom\u00e1nygy\u0171jt\u00e9s Mikul\u00e1snapi aj\u00e1nd\u00e9kokra - Sz\u00ednes Erzs\u00e9betv\u00e1ros<\/title>\n<meta name=\"robots\" content=\"index, follow, max-snippet:-1, max-image-preview:large, max-video-preview:-1\" \/>\n<link rel=\"canonical\" href=\"https:\/\/szineserzsebetvaros.hu\/en\/adomanygyujtes-mikulasnapi-ajandekokra\/\" \/>\n<meta property=\"og:locale\" content=\"en_US\" \/>\n<meta property=\"og:type\" content=\"article\" \/>\n<meta property=\"og:title\" content=\"Adom\u00e1nygy\u0171jt\u00e9s Mikul\u00e1snapi aj\u00e1nd\u00e9kokra\" \/>\n<meta property=\"og:url\" content=\"https:\/\/szineserzsebetvaros.hu\/en\/adomanygyujtes-mikulasnapi-ajandekokra\/\" \/>\n<meta property=\"og:site_name\" content=\"Sz\u00ednes Erzs\u00e9betv\u00e1ros\" \/>\n<meta property=\"article:publisher\" content=\"https:\/\/www.facebook.com\/szineserzsebetvaros\" \/>\n<meta property=\"article:modified_time\" content=\"2025-10-17T07:57:06+00:00\" \/>\n<meta property=\"og:image\" content=\"https:\/\/szineserzsebetvaros.hu\/wp-content\/uploads\/2025\/10\/Red-Blue-and-White-Playful-Christmas-Letter-to-Santa-Claus-A4-Document-1200-x-630-keppont-1024x538.png\" \/>\n<meta name=\"twitter:card\" content=\"summary_large_image\" \/>\n<meta name=\"twitter:label1\" content=\"Est. reading time\" \/>\n\t<meta name=\"twitter:data1\" content=\"1 minute\" \/>\n<script type=\"application\/ld+json\" class=\"yoast-schema-graph\">{\"@context\":\"https:\/\/schema.org\",\"@graph\":[{\"@type\":\"WebPage\",\"@id\":\"https:\/\/szineserzsebetvaros.hu\/adomanygyujtes-mikulasnapi-ajandekokra\/\",\"url\":\"https:\/\/szineserzsebetvaros.hu\/adomanygyujtes-mikulasnapi-ajandekokra\/\",\"name\":\"Adom\u00e1nygy\u0171jt\u00e9s Mikul\u00e1snapi aj\u00e1nd\u00e9kokra - Sz\u00ednes Erzs\u00e9betv\u00e1ros\",\"isPartOf\":{\"@id\":\"https:\/\/szineserzsebetvaros.hu\/#website\"},\"primaryImageOfPage\":{\"@id\":\"https:\/\/szineserzsebetvaros.hu\/adomanygyujtes-mikulasnapi-ajandekokra\/#primaryimage\"},\"image\":{\"@id\":\"https:\/\/szineserzsebetvaros.hu\/adomanygyujtes-mikulasnapi-ajandekokra\/#primaryimage\"},\"thumbnailUrl\":\"https:\/\/szineserzsebetvaros.hu\/wp-content\/uploads\/2025\/10\/Red-Blue-and-White-Playful-Christmas-Letter-to-Santa-Claus-A4-Document-1200-x-630-keppont-1024x538.png\",\"datePublished\":\"2025-10-16T07:55:33+00:00\",\"dateModified\":\"2025-10-17T07:57:06+00:00\",\"breadcrumb\":{\"@id\":\"https:\/\/szineserzsebetvaros.hu\/adomanygyujtes-mikulasnapi-ajandekokra\/#breadcrumb\"},\"inLanguage\":\"en-US\",\"potentialAction\":[{\"@type\":\"ReadAction\",\"target\":[\"https:\/\/szineserzsebetvaros.hu\/adomanygyujtes-mikulasnapi-ajandekokra\/\"]}]},{\"@type\":\"ImageObject\",\"inLanguage\":\"en-US\",\"@id\":\"https:\/\/szineserzsebetvaros.hu\/adomanygyujtes-mikulasnapi-ajandekokra\/#primaryimage\",\"url\":\"https:\/\/szineserzsebetvaros.hu\/wp-content\/uploads\/2025\/10\/Red-Blue-and-White-Playful-Christmas-Letter-to-Santa-Claus-A4-Document-1200-x-630-keppont-1024x538.png\",\"contentUrl\":\"https:\/\/szineserzsebetvaros.hu\/wp-content\/uploads\/2025\/10\/Red-Blue-and-White-Playful-Christmas-Letter-to-Santa-Claus-A4-Document-1200-x-630-keppont-1024x538.png\"},{\"@type\":\"BreadcrumbList\",\"@id\":\"https:\/\/szineserzsebetvaros.hu\/adomanygyujtes-mikulasnapi-ajandekokra\/#breadcrumb\",\"itemListElement\":[{\"@type\":\"ListItem\",\"position\":1,\"name\":\"Kezd\u0151lap\",\"item\":\"https:\/\/szineserzsebetvaros.hu\/\"},{\"@type\":\"ListItem\",\"position\":2,\"name\":\"Adom\u00e1nygy\u0171jt\u00e9s Mikul\u00e1snapi aj\u00e1nd\u00e9kokra\"}]},{\"@type\":\"WebSite\",\"@id\":\"https:\/\/szineserzsebetvaros.hu\/#website\",\"url\":\"https:\/\/szineserzsebetvaros.hu\/\",\"name\":\"Sz\u00ednes Erzs\u00e9betv\u00e1ros\",\"description\":\"Erzs\u00e9betv\u00e1ros, Budapest VII. ker\u00fclet\u00e9nek port\u00e1lja\",\"publisher\":{\"@id\":\"https:\/\/szineserzsebetvaros.hu\/#organization\"},\"potentialAction\":[{\"@type\":\"SearchAction\",\"target\":{\"@type\":\"EntryPoint\",\"urlTemplate\":\"https:\/\/szineserzsebetvaros.hu\/?s={search_term_string}\"},\"query-input\":{\"@type\":\"PropertyValueSpecification\",\"valueRequired\":true,\"valueName\":\"search_term_string\"}}],\"inLanguage\":\"en-US\"},{\"@type\":\"Organization\",\"@id\":\"https:\/\/szineserzsebetvaros.hu\/#organization\",\"name\":\"Sz\u00ednes Erzs\u00e9betv\u00e1ros\",\"url\":\"https:\/\/szineserzsebetvaros.hu\/\",\"logo\":{\"@type\":\"ImageObject\",\"inLanguage\":\"en-US\",\"@id\":\"https:\/\/szineserzsebetvaros.hu\/#\/schema\/logo\/image\/\",\"url\":\"https:\/\/szineserzsebetvaros.hu\/wp-content\/uploads\/2024\/10\/SZEVlogo_color-2.png\",\"contentUrl\":\"https:\/\/szineserzsebetvaros.hu\/wp-content\/uploads\/2024\/10\/SZEVlogo_color-2.png\",\"width\":350,\"height\":102,\"caption\":\"Sz\u00ednes Erzs\u00e9betv\u00e1ros\"},\"image\":{\"@id\":\"https:\/\/szineserzsebetvaros.hu\/#\/schema\/logo\/image\/\"},\"sameAs\":[\"https:\/\/www.facebook.com\/szineserzsebetvaros\"]}]}<\/script>\n<!-- \/ Yoast SEO Premium plugin. -->","yoast_head_json":{"title":"Adom\u00e1nygy\u0171jt\u00e9s Mikul\u00e1snapi aj\u00e1nd\u00e9kokra - Sz\u00ednes Erzs\u00e9betv\u00e1ros","robots":{"index":"index","follow":"follow","max-snippet":"max-snippet:-1","max-image-preview":"max-image-preview:large","max-video-preview":"max-video-preview:-1"},"canonical":"https:\/\/szineserzsebetvaros.hu\/en\/adomanygyujtes-mikulasnapi-ajandekokra\/","og_locale":"en_US","og_type":"article","og_title":"Adom\u00e1nygy\u0171jt\u00e9s Mikul\u00e1snapi aj\u00e1nd\u00e9kokra","og_url":"https:\/\/szineserzsebetvaros.hu\/en\/adomanygyujtes-mikulasnapi-ajandekokra\/","og_site_name":"Sz\u00ednes Erzs\u00e9betv\u00e1ros","article_publisher":"https:\/\/www.facebook.com\/szineserzsebetvaros","article_modified_time":"2025-10-17T07:57:06+00:00","og_image":[{"url":"https:\/\/szineserzsebetvaros.hu\/wp-content\/uploads\/2025\/10\/Red-Blue-and-White-Playful-Christmas-Letter-to-Santa-Claus-A4-Document-1200-x-630-keppont-1024x538.png","type":"","width":"","height":""}],"twitter_card":"summary_large_image","twitter_misc":{"Est. reading time":"1 minute"},"schema":{"@context":"https:\/\/schema.org","@graph":[{"@type":"WebPage","@id":"https:\/\/szineserzsebetvaros.hu\/adomanygyujtes-mikulasnapi-ajandekokra\/","url":"https:\/\/szineserzsebetvaros.hu\/adomanygyujtes-mikulasnapi-ajandekokra\/","name":"Adom\u00e1nygy\u0171jt\u00e9s Mikul\u00e1snapi aj\u00e1nd\u00e9kokra - Sz\u00ednes Erzs\u00e9betv\u00e1ros","isPartOf":{"@id":"https:\/\/szineserzsebetvaros.hu\/#website"},"primaryImageOfPage":{"@id":"https:\/\/szineserzsebetvaros.hu\/adomanygyujtes-mikulasnapi-ajandekokra\/#primaryimage"},"image":{"@id":"https:\/\/szineserzsebetvaros.hu\/adomanygyujtes-mikulasnapi-ajandekokra\/#primaryimage"},"thumbnailUrl":"https:\/\/szineserzsebetvaros.hu\/wp-content\/uploads\/2025\/10\/Red-Blue-and-White-Playful-Christmas-Letter-to-Santa-Claus-A4-Document-1200-x-630-keppont-1024x538.png","datePublished":"2025-10-16T07:55:33+00:00","dateModified":"2025-10-17T07:57:06+00:00","breadcrumb":{"@id":"https:\/\/szineserzsebetvaros.hu\/adomanygyujtes-mikulasnapi-ajandekokra\/#breadcrumb"},"inLanguage":"en-US","potentialAction":[{"@type":"ReadAction","target":["https:\/\/szineserzsebetvaros.hu\/adomanygyujtes-mikulasnapi-ajandekokra\/"]}]},{"@type":"ImageObject","inLanguage":"en-US","@id":"https:\/\/szineserzsebetvaros.hu\/adomanygyujtes-mikulasnapi-ajandekokra\/#primaryimage","url":"https:\/\/szineserzsebetvaros.hu\/wp-content\/uploads\/2025\/10\/Red-Blue-and-White-Playful-Christmas-Letter-to-Santa-Claus-A4-Document-1200-x-630-keppont-1024x538.png","contentUrl":"https:\/\/szineserzsebetvaros.hu\/wp-content\/uploads\/2025\/10\/Red-Blue-and-White-Playful-Christmas-Letter-to-Santa-Claus-A4-Document-1200-x-630-keppont-1024x538.png"},{"@type":"BreadcrumbList","@id":"https:\/\/szineserzsebetvaros.hu\/adomanygyujtes-mikulasnapi-ajandekokra\/#breadcrumb","itemListElement":[{"@type":"ListItem","position":1,"name":"Kezd\u0151lap","item":"https:\/\/szineserzsebetvaros.hu\/"},{"@type":"ListItem","position":2,"name":"Adom\u00e1nygy\u0171jt\u00e9s Mikul\u00e1snapi aj\u00e1nd\u00e9kokra"}]},{"@type":"WebSite","@id":"https:\/\/szineserzsebetvaros.hu\/#website","url":"https:\/\/szineserzsebetvaros.hu\/","name":"Sz\u00ednes Erzs\u00e9betv\u00e1ros","description":"Erzs\u00e9betv\u00e1ros, Budapest VII. ker\u00fclet\u00e9nek port\u00e1lja","publisher":{"@id":"https:\/\/szineserzsebetvaros.hu\/#organization"},"potentialAction":[{"@type":"SearchAction","target":{"@type":"EntryPoint","urlTemplate":"https:\/\/szineserzsebetvaros.hu\/?s={search_term_string}"},"query-input":{"@type":"PropertyValueSpecification","valueRequired":true,"valueName":"search_term_string"}}],"inLanguage":"en-US"},{"@type":"Organization","@id":"https:\/\/szineserzsebetvaros.hu\/#organization","name":"Sz\u00ednes Erzs\u00e9betv\u00e1ros","url":"https:\/\/szineserzsebetvaros.hu\/","logo":{"@type":"ImageObject","inLanguage":"en-US","@id":"https:\/\/szineserzsebetvaros.hu\/#\/schema\/logo\/image\/","url":"https:\/\/szineserzsebetvaros.hu\/wp-content\/uploads\/2024\/10\/SZEVlogo_color-2.png","contentUrl":"https:\/\/szineserzsebetvaros.hu\/wp-content\/uploads\/2024\/10\/SZEVlogo_color-2.png","width":350,"height":102,"caption":"Sz\u00ednes Erzs\u00e9betv\u00e1ros"},"image":{"@id":"https:\/\/szineserzsebetvaros.hu\/#\/schema\/logo\/image\/"},"sameAs":["https:\/\/www.facebook.com\/szineserzsebetvaros"]}]}},"campaignId":"","_links":{"self":[{"href":"https:\/\/szineserzsebetvaros.hu\/en\/wp-json\/wp\/v2\/pages\/1466","targetHints":{"allow":["GET"]}}],"collection":[{"href":"https:\/\/szineserzsebetvaros.hu\/en\/wp-json\/wp\/v2\/pages"}],"about":[{"href":"https:\/\/szineserzsebetvaros.hu\/en\/wp-json\/wp\/v2\/types\/page"}],"author":[{"embeddable":true,"href":"https:\/\/szineserzsebetvaros.hu\/en\/wp-json\/wp\/v2\/users\/1"}],"replies":[{"embeddable":true,"href":"https:\/\/szineserzsebetvaros.hu\/en\/wp-json\/wp\/v2\/comments?post=1466"}],"version-history":[{"count":13,"href":"https:\/\/szineserzsebetvaros.hu\/en\/wp-json\/wp\/v2\/pages\/1466\/revisions"}],"predecessor-version":[{"id":1489,"href":"https:\/\/szineserzsebetvaros.hu\/en\/wp-json\/wp\/v2\/pages\/1466\/revisions\/1489"}],"wp:attachment":[{"href":"https:\/\/szineserzsebetvaros.hu\/en\/wp-json\/wp\/v2\/media?parent=1466"}],"curies":[{"name":"wp","href":"https:\/\/api.w.org\/{rel}","templated":true}]}}