{"id":1386,"date":"2025-07-09T22:30:41","date_gmt":"2025-07-09T20:30:41","guid":{"rendered":"https:\/\/szineserzsebetvaros.hu\/?page_id=1386"},"modified":"2025-08-15T08:35:51","modified_gmt":"2025-08-15T06:35:51","slug":"allj-ki-te-is-a-setaloutcak-mellett","status":"publish","type":"page","link":"https:\/\/szineserzsebetvaros.hu\/en\/allj-ki-te-is-a-setaloutcak-mellett\/","title":{"rendered":"Support pedestrian streets too"},"content":{"rendered":"<div data-elementor-type=\"wp-page\" data-elementor-id=\"1386\" class=\"elementor elementor-1386\" data-elementor-post-type=\"page\">\n\t\t\t\t<div class=\"elementor-element elementor-element-8df2830 e-con-full e-flex e-con e-parent\" data-id=\"8df2830\" data-element_type=\"container\" data-settings=\"{&quot;background_background&quot;:&quot;slideshow&quot;,&quot;background_slideshow_gallery&quot;:[{&quot;id&quot;:221,&quot;url&quot;:&quot;https:\\\/\\\/szineserzsebetvaros.hu\\\/wp-content\\\/uploads\\\/2025\\\/01\\\/52171325755_5c7908a76a_5k-scaled.jpg&quot;}],&quot;background_slideshow_loop&quot;:&quot;yes&quot;,&quot;background_slideshow_slide_duration&quot;:5000,&quot;background_slideshow_slide_transition&quot;:&quot;fade&quot;,&quot;background_slideshow_transition_duration&quot;:500}\">\n\t\t\t\t<div class=\"elementor-element elementor-element-702c0ed elementor-widget elementor-widget-heading\" data-id=\"702c0ed\" data-element_type=\"widget\" data-widget_type=\"heading.default\">\n\t\t\t\t<div class=\"elementor-widget-container\">\n\t\t\t\t\t<h1 class=\"elementor-heading-title elementor-size-default\">\u00c1llj ki te is egy al\u00e1\u00edr\u00e1ssal a s\u00e9t\u00e1l\u00f3utc\u00e1k mellett<\/h1>\t\t\t\t<\/div>\n\t\t\t\t<\/div>\n\t\t\t\t<\/div>\n\t\t<div class=\"elementor-element elementor-element-38c669a e-flex e-con-boxed e-con e-parent\" data-id=\"38c669a\" data-element_type=\"container\">\n\t\t\t\t\t<div class=\"e-con-inner\">\n\t\t\t\t<div class=\"elementor-element elementor-element-a7b0ea4 elementor-widget elementor-widget-text-editor\" data-id=\"a7b0ea4\" data-element_type=\"widget\" data-widget_type=\"text-editor.default\">\n\t\t\t\t<div class=\"elementor-widget-container\">\n\t\t\t\t\t\t\t\t\t<div class=\"relative\"><div class=\"prose text-pretty dark:prose-invert inline leading-normal break-words min-w-0 [word-break:break-word]\"><p class=\"my-0\"><strong>\u00c1llj ki egy al\u00e1\u00edr\u00e1ssal a s\u00e9t\u00e1l\u00f3utc\u00e1k mellett!<\/strong><\/p><p class=\"my-0\">Most v\u00e9gre kipr\u00f3b\u00e1lhattuk azt, hogy milyenek az \u00e9lhet\u0151bb, z\u00f6ldebb, nyugodtabb utc\u00e1k, amelyek nem az aut\u00f3k\u00e9, hanem az emberek\u00e9. Kipr\u00f3b\u00e1lhattuk, hogy milyen az, ha n\u00e9h\u00e1ny sz\u0171k utca nem a dud\u00e1l\u00e1sr\u00f3l, hanem a k\u00e9nyelmes \u00e9s biztons\u00e1gos s\u00e9t\u00e1r\u00f3l sz\u00f3l. Kipr\u00f3b\u00e1lhattuk azt, hogy milyen egy olyan utca, ahol meg lehet \u00e1llni besz\u00e9lgetni, \u00e9s ahol ak\u00e1r k\u00f6z\u00f6ss\u00e9gi programokat is tudunk szervezni.<\/p><p class=\"my-0\">Most rajtunk a sor, hogy megmutassuk, t\u00e1mogatjuk a v\u00e1ltoz\u00e1st. Biztons\u00e1gosabb, eg\u00e9szs\u00e9gesebb, bar\u00e1ts\u00e1gosabb k\u00f6rnyezetre van sz\u00fcks\u00e9g\u00fcnk, nem kipufog\u00f3g\u00e1zra \u00e9s hangos dud\u00e1l\u00e1sra.<\/p><p class=\"my-0\"><strong>\u00cdrd al\u00e1, ha szerinted is pozit\u00edv v\u00e1ltoz\u00e1s az, hogy lettek s\u00e9t\u00e1l\u00f3utc\u00e1k Erzs\u00e9betv\u00e1rosban!<\/strong><\/p><p class=\"my-0\">Ez most nemcsak egy pr\u00f3ba, hanem\u00a0<b>this<\/b><strong>z egy lehet\u0151s\u00e9g arra, hogy egy\u00fctt alak\u00edtsuk a j\u00f6v\u0151t.<\/strong><\/p><\/div><\/div>\t\t\t\t\t\t\t\t<\/div>\n\t\t\t\t<\/div>\n\t\t\t\t<div class=\"elementor-element elementor-element-c74ce33 elementor-widget elementor-widget-shortcode\" data-id=\"c74ce33\" data-element_type=\"widget\" data-widget_type=\"shortcode.default\">\n\t\t\t\t<div class=\"elementor-widget-container\">\n\t\t\t\t\t\t\t<div class=\"elementor-shortcode\"><div class=\"wpforms-container wpforms-container-full wpforms-render-modern\" id=\"wpforms-1366\"><form id=\"wpforms-form-1366\" class=\"wpforms-validate wpforms-form wpforms-ajax-form\" data-formid=\"1366\" method=\"post\" enctype=\"multipart\/form-data\" action=\"\/en\/wp-json\/wp\/v2\/pages\/1386\" data-token=\"519bdad303b67a34f73dbe29b9b9797c\" data-token-time=\"1775272579\" data-trp-original-action=\"\/en\/wp-json\/wp\/v2\/pages\/1386\"><noscript class=\"wpforms-error-noscript\">Please enable JavaScript in your browser to complete this form.<\/noscript><div class=\"wpforms-hidden\" id=\"wpforms-error-noscript\">Please enable JavaScript in your browser to complete this form.<\/div><div class=\"wpforms-field-container\"><div id=\"wpforms-1366-field_2-container\" class=\"wpforms-field wpforms-field-name\" data-field-id=\"2\"><fieldset><legend class=\"wpforms-field-label\">Name <span class=\"wpforms-required-label\" aria-hidden=\"true\">*<\/span><\/legend><div class=\"wpforms-field-row wpforms-field-medium\"><div class=\"wpforms-field-row-block wpforms-first wpforms-one-half\"><input type=\"text\" id=\"wpforms-1366-field_2\" class=\"wpforms-field-name-first wpforms-field-required\" name=\"wpforms[fields][2][first]\" placeholder=\"First name\" aria-errormessage=\"wpforms-1366-field_2-error\" required><label for=\"wpforms-1366-field_2\" class=\"wpforms-field-sublabel after wpforms-sublabel-hide\">First<\/label><\/div><div class=\"wpforms-field-row-block wpforms-one-half\"><input type=\"text\" id=\"wpforms-1366-field_2-last\" class=\"wpforms-field-name-last wpforms-field-required\" name=\"wpforms[fields][2][last]\" placeholder=\"Last name\" aria-errormessage=\"wpforms-1366-field_2-last-error\" required><label for=\"wpforms-1366-field_2-last\" class=\"wpforms-field-sublabel after wpforms-sublabel-hide\">Last<\/label><\/div><\/div><\/fieldset><\/div><div id=\"wpforms-1366-field_3-container\" class=\"wpforms-field wpforms-field-email\" data-field-id=\"3\"><label class=\"wpforms-field-label\" for=\"wpforms-1366-field_3\">E-mail <span class=\"wpforms-required-label\" aria-hidden=\"true\">*<\/span><\/label><input type=\"email\" id=\"wpforms-1366-field_3\" class=\"wpforms-field-medium wpforms-field-required\" name=\"wpforms[fields][3]\" spellcheck=\"false\" aria-errormessage=\"wpforms-1366-field_3-error\" required><\/div><div id=\"wpforms-1366-field_5-container\" class=\"wpforms-field wpforms-field-text\" data-field-id=\"5\"><label class=\"wpforms-field-label\" for=\"wpforms-1366-field_5\">Ir\u00e1ny\u00edt\u00f3sz\u00e1m <span class=\"wpforms-required-label\" aria-hidden=\"true\">*<\/span><\/label><input type=\"text\" id=\"wpforms-1366-field_5\" class=\"wpforms-field-medium wpforms-field-required\" name=\"wpforms[fields][5]\" aria-errormessage=\"wpforms-1366-field_5-error\" required><\/div><div id=\"wpforms-1366-field_10-container\" class=\"wpforms-field wpforms-field-text\" data-field-id=\"10\"><label class=\"wpforms-field-label\" for=\"wpforms-1366-field_10\">Mondd el, hogy mi\u00e9rt fontos sz\u00e1modra, hogy legyenek s\u00e9t\u00e1l\u00f3utc\u00e1k Erzs\u00e9betvc\u00e1rosban (Opcion\u00e1lis)<\/label><input type=\"text\" id=\"wpforms-1366-field_10\" class=\"wpforms-field-medium\" name=\"wpforms[fields][10]\" aria-errormessage=\"wpforms-1366-field_10-error\" ><\/div><div id=\"wpforms-1366-field_6-container\" class=\"wpforms-field wpforms-field-html\" data-field-id=\"6\"><div id=\"wpforms-1366-field_6\" aria-errormessage=\"wpforms-1366-field_6-error\"><a href=\"https:\/\/szineserzsebetvaros.hu\/en\/colorful-erzbebetvaros-association-data-processing-information\/\" target=\"_blank\">Colorful Erzs\u00e9betv\u00e1ros Association data management information<\/a><\/div><\/div><div id=\"wpforms-1366-field_7-container\" class=\"wpforms-field wpforms-field-html\" data-field-id=\"7\"><div id=\"wpforms-1366-field_7\" aria-errormessage=\"wpforms-1366-field_7-error\"><a href=\"https:\/\/szineserzsebetvaros.hu\/en\/elementor-page-1217\/\" target=\"_blank\">City of Short Distances Foundation data management information<\/a><\/div><\/div><div id=\"wpforms-1366-field_9-container\" class=\"wpforms-field wpforms-field-checkbox\" data-field-id=\"9\"><fieldset><legend class=\"wpforms-field-label\">Choose the right one<\/legend><ul id=\"wpforms-1366-field_9\"><li class=\"choice-1 depth-1\"><input type=\"checkbox\" id=\"wpforms-1366-field_9_1\" name=\"wpforms[fields][9][]\" value=\"H\u00edrlev\u00e9l feliratkoz\u00e1s\" aria-errormessage=\"wpforms-1366-field_9_1-error\"  ><label class=\"wpforms-field-label-inline\" for=\"wpforms-1366-field_9_1\">Newsletter subscription<\/label><\/li><li class=\"choice-2 depth-1\"><input type=\"checkbox\" id=\"wpforms-1366-field_9_2\" name=\"wpforms[fields][9][]\" value=\"Jelentkezem \u00f6nk\u00e9ntesnek\" aria-errormessage=\"wpforms-1366-field_9_2-error\"  ><label class=\"wpforms-field-label-inline\" for=\"wpforms-1366-field_9_2\">I would like to volunteer.<\/label><\/li><\/ul><\/fieldset><\/div><div id=\"wpforms-1366-field_8-container\" class=\"wpforms-field wpforms-field-gdpr-checkbox\" data-field-id=\"8\"><label class=\"wpforms-field-label wpforms-label-hide\" aria-hidden=\"false\">GDPR <span class=\"wpforms-required-label\" aria-hidden=\"true\">*<\/span><\/label><ul id=\"wpforms-1366-field_8\" class=\"wpforms-field-required\"><li class=\"choice-1\"><input type=\"checkbox\" id=\"wpforms-1366-field_8_1\" name=\"wpforms[fields][8][]\" value=\"&lt;b&gt;Elolvastam \u00e9s elfogadom&lt;\/b&gt; Sz\u00ednes Erzs\u00e9betv\u00e1ros Egyes\u00fclet \u00e9s a Kis T\u00e1vols\u00e1gok V\u00e1rosa Alap\u00edtv\u00e1ny adatkezel\u00e9si t\u00e1j\u00e9koztat\u00f3j\u00e1t\" aria-errormessage=\"wpforms-1366-field_8_1-error\" required><label class=\"wpforms-field-label-inline\" for=\"wpforms-1366-field_8_1\"><b>I have read and accept<\/b> The data management information of the Colorful Erzs\u00e9betv\u00e1ros Association and the City of Short Distances Foundation <span class=\"wpforms-required-label\" aria-hidden=\"true\">*<\/span><\/label><\/li><\/ul><\/div><\/div><!-- .wpforms-field-container --><div class=\"wpforms-submit-container\" ><input type=\"hidden\" name=\"wpforms[id]\" value=\"1366\"><input type=\"hidden\" name=\"page_title\" value=\"\"><input type=\"hidden\" name=\"page_url\" value=\"https:\/\/szineserzsebetvaros.hu\/en\/wp-json\/wp\/v2\/pages\/1386\"><button type=\"submit\" name=\"wpforms[submit]\" id=\"wpforms-submit-1366\" class=\"wpforms-submit\" data-alt-text=\"K\u00fcld\u00e9s...\" data-submit-text=\"Bek\u00fcld\u00e9s\" aria-live=\"assertive\" value=\"wpforms-submit\">Bek\u00fcld\u00e9s<\/button><img decoding=\"async\" src=\"https:\/\/szineserzsebetvaros.hu\/wp-content\/plugins\/wpforms\/assets\/images\/submit-spin.svg\" class=\"wpforms-submit-spinner\" style=\"display: none;\" width=\"26\" height=\"26\" alt=\"Loading\"><\/div><input type=\"hidden\" name=\"trp-form-language\" value=\"en\"\/><\/form><\/div>  <!-- .wpforms-container --><\/div>\n\t\t\t\t\t\t<\/div>\n\t\t\t\t<\/div>\n\t\t\t\t<div class=\"elementor-element elementor-element-a7da14b elementor-nav-menu--dropdown-none elementor-fixed elementor-hidden-mobile elementor-widget elementor-widget-nav-menu\" data-id=\"a7da14b\" data-element_type=\"widget\" data-settings=\"{&quot;layout&quot;:&quot;vertical&quot;,&quot;_position&quot;:&quot;fixed&quot;,&quot;submenu_icon&quot;:{&quot;value&quot;:&quot;&lt;svg aria-hidden=\\&quot;true\\&quot; class=\\&quot;e-font-icon-svg e-fas-caret-down\\&quot; viewBox=\\&quot;0 0 320 512\\&quot; xmlns=\\&quot;http:\\\/\\\/www.w3.org\\\/2000\\\/svg\\&quot;&gt;&lt;path d=\\&quot;M31.3 192h257.3c17.8 0 26.7 21.5 14.1 34.1L174.1 354.8c-7.8 7.8-20.5 7.8-28.3 0L17.2 226.1C4.6 213.5 13.5 192 31.3 192z\\&quot;&gt;&lt;\\\/path&gt;&lt;\\\/svg&gt;&quot;,&quot;library&quot;:&quot;fa-solid&quot;}}\" data-widget_type=\"nav-menu.default\">\n\t\t\t\t<div class=\"elementor-widget-container\">\n\t\t\t\t\t\t\t\t<nav aria-label=\"Menu\" class=\"elementor-nav-menu--main elementor-nav-menu__container elementor-nav-menu--layout-vertical e--pointer-none\">\n\t\t\t\t<ul id=\"menu-1-a7da14b\" class=\"elementor-nav-menu sm-vertical\"><li class=\"menu-item menu-item-type-post_type menu-item-object-page menu-item-997\"><a href=\"https:\/\/szineserzsebetvaros.hu\/en\/setalo-district\/\" class=\"elementor-item\">Pedestrian District Home Page<\/a><\/li>\n<li class=\"menu-item menu-item-type-post_type menu-item-object-page menu-item-881\"><a href=\"https:\/\/szineserzsebetvaros.hu\/en\/about-the-project\/\" class=\"elementor-item\">About the project<\/a><\/li>\n<li class=\"menu-item menu-item-type-post_type menu-item-object-page menu-item-988\"><a href=\"https:\/\/szineserzsebetvaros.hu\/en\/traffic-changes\/\" class=\"elementor-item\">Traffic changes<\/a><\/li>\n<li class=\"menu-item menu-item-type-post_type menu-item-object-page menu-item-905\"><a href=\"https:\/\/szineserzsebetvaros.hu\/en\/lizard\/\" class=\"elementor-item\">FAQ<\/a><\/li>\n<\/ul>\t\t\t<\/nav>\n\t\t\t\t\t\t<nav class=\"elementor-nav-menu--dropdown elementor-nav-menu__container\" aria-hidden=\"true\">\n\t\t\t\t<ul id=\"menu-2-a7da14b\" class=\"elementor-nav-menu sm-vertical\"><li class=\"menu-item menu-item-type-post_type menu-item-object-page menu-item-997\"><a href=\"https:\/\/szineserzsebetvaros.hu\/en\/setalo-district\/\" class=\"elementor-item\" tabindex=\"-1\">Pedestrian District Home Page<\/a><\/li>\n<li class=\"menu-item menu-item-type-post_type menu-item-object-page menu-item-881\"><a href=\"https:\/\/szineserzsebetvaros.hu\/en\/about-the-project\/\" class=\"elementor-item\" tabindex=\"-1\">About the project<\/a><\/li>\n<li class=\"menu-item menu-item-type-post_type menu-item-object-page menu-item-988\"><a href=\"https:\/\/szineserzsebetvaros.hu\/en\/traffic-changes\/\" class=\"elementor-item\" tabindex=\"-1\">Traffic changes<\/a><\/li>\n<li class=\"menu-item menu-item-type-post_type menu-item-object-page menu-item-905\"><a href=\"https:\/\/szineserzsebetvaros.hu\/en\/lizard\/\" class=\"elementor-item\" tabindex=\"-1\">FAQ<\/a><\/li>\n<\/ul>\t\t\t<\/nav>\n\t\t\t\t\t\t<\/div>\n\t\t\t\t<\/div>\n\t\t\t\t\t<\/div>\n\t\t\t\t<\/div>\n\t\t\t\t<\/div>","protected":false},"excerpt":{"rendered":"<p>\u00c1llj ki te is egy al\u00e1\u00edr\u00e1ssal a s\u00e9t\u00e1l\u00f3utc\u00e1k mellett \u00c1llj ki egy al\u00e1\u00edr\u00e1ssal a s\u00e9t\u00e1l\u00f3utc\u00e1k mellett! Most v\u00e9gre kipr\u00f3b\u00e1lhattuk azt, hogy milyenek az \u00e9lhet\u0151bb, z\u00f6ldebb, nyugodtabb utc\u00e1k, amelyek nem az aut\u00f3k\u00e9, hanem az emberek\u00e9. Kipr\u00f3b\u00e1lhattuk, hogy milyen az, ha n\u00e9h\u00e1ny sz\u0171k utca nem a dud\u00e1l\u00e1sr\u00f3l, hanem a k\u00e9nyelmes \u00e9s biztons\u00e1gos s\u00e9t\u00e1r\u00f3l sz\u00f3l. Kipr\u00f3b\u00e1lhattuk azt, hogy [&hellip;]<\/p>","protected":false},"author":1,"featured_media":1446,"parent":0,"menu_order":0,"comment_status":"closed","ping_status":"closed","template":"","meta":{"give_campaign_id":0,"footnotes":""},"class_list":["post-1386","page","type-page","status-publish","has-post-thumbnail","hentry"],"yoast_head":"<!-- This site is optimized with the Yoast SEO Premium plugin v26.2 (Yoast SEO v26.3) - https:\/\/yoast.com\/wordpress\/plugins\/seo\/ -->\n<title>T\u00e1mogasd te is a s\u00e9t\u00e1l\u00f3utc\u00e1kat - Sz\u00ednes Erzs\u00e9betv\u00e1ros<\/title>\n<meta name=\"robots\" content=\"index, follow, max-snippet:-1, max-image-preview:large, max-video-preview:-1\" \/>\n<link rel=\"canonical\" href=\"https:\/\/szineserzsebetvaros.hu\/en\/allj-ki-te-is-a-setaloutcak-mellett\/\" \/>\n<meta property=\"og:locale\" content=\"en_US\" \/>\n<meta property=\"og:type\" content=\"article\" \/>\n<meta property=\"og:title\" content=\"T\u00e1mogasd te is a s\u00e9t\u00e1l\u00f3utc\u00e1kat\" \/>\n<meta property=\"og:description\" content=\"\u00c1llj ki te is egy al\u00e1\u00edr\u00e1ssal a s\u00e9t\u00e1l\u00f3utc\u00e1k mellett \u00c1llj ki egy al\u00e1\u00edr\u00e1ssal a s\u00e9t\u00e1l\u00f3utc\u00e1k mellett! Most v\u00e9gre kipr\u00f3b\u00e1lhattuk azt, hogy milyenek az \u00e9lhet\u0151bb, z\u00f6ldebb, nyugodtabb utc\u00e1k, amelyek nem az aut\u00f3k\u00e9, hanem az emberek\u00e9. Kipr\u00f3b\u00e1lhattuk, hogy milyen az, ha n\u00e9h\u00e1ny sz\u0171k utca nem a dud\u00e1l\u00e1sr\u00f3l, hanem a k\u00e9nyelmes \u00e9s biztons\u00e1gos s\u00e9t\u00e1r\u00f3l sz\u00f3l. Kipr\u00f3b\u00e1lhattuk azt, hogy [&hellip;]\" \/>\n<meta property=\"og:url\" content=\"https:\/\/szineserzsebetvaros.hu\/en\/allj-ki-te-is-a-setaloutcak-mellett\/\" \/>\n<meta property=\"og:site_name\" content=\"Sz\u00ednes Erzs\u00e9betv\u00e1ros\" \/>\n<meta property=\"article:publisher\" content=\"https:\/\/www.facebook.com\/szineserzsebetvaros\" \/>\n<meta property=\"article:modified_time\" content=\"2025-08-15T06:35:51+00:00\" \/>\n<meta property=\"og:image\" content=\"https:\/\/szineserzsebetvaros.hu\/wp-content\/uploads\/2025\/08\/Nevtelen-terv-4.jpg\" \/>\n\t<meta property=\"og:image:width\" content=\"1200\" \/>\n\t<meta property=\"og:image:height\" content=\"630\" \/>\n\t<meta property=\"og:image:type\" content=\"image\/jpeg\" \/>\n<meta name=\"twitter:card\" content=\"summary_large_image\" \/>\n<meta name=\"twitter:label1\" content=\"Est. reading time\" \/>\n\t<meta name=\"twitter:data1\" content=\"1 minute\" \/>\n<script type=\"application\/ld+json\" class=\"yoast-schema-graph\">{\"@context\":\"https:\/\/schema.org\",\"@graph\":[{\"@type\":\"WebPage\",\"@id\":\"https:\/\/szineserzsebetvaros.hu\/allj-ki-te-is-a-setaloutcak-mellett\/\",\"url\":\"https:\/\/szineserzsebetvaros.hu\/allj-ki-te-is-a-setaloutcak-mellett\/\",\"name\":\"T\u00e1mogasd te is a s\u00e9t\u00e1l\u00f3utc\u00e1kat - Sz\u00ednes Erzs\u00e9betv\u00e1ros\",\"isPartOf\":{\"@id\":\"https:\/\/szineserzsebetvaros.hu\/#website\"},\"primaryImageOfPage\":{\"@id\":\"https:\/\/szineserzsebetvaros.hu\/allj-ki-te-is-a-setaloutcak-mellett\/#primaryimage\"},\"image\":{\"@id\":\"https:\/\/szineserzsebetvaros.hu\/allj-ki-te-is-a-setaloutcak-mellett\/#primaryimage\"},\"thumbnailUrl\":\"https:\/\/szineserzsebetvaros.hu\/wp-content\/uploads\/2025\/08\/Nevtelen-terv-4.jpg\",\"datePublished\":\"2025-07-09T20:30:41+00:00\",\"dateModified\":\"2025-08-15T06:35:51+00:00\",\"breadcrumb\":{\"@id\":\"https:\/\/szineserzsebetvaros.hu\/allj-ki-te-is-a-setaloutcak-mellett\/#breadcrumb\"},\"inLanguage\":\"en-US\",\"potentialAction\":[{\"@type\":\"ReadAction\",\"target\":[\"https:\/\/szineserzsebetvaros.hu\/allj-ki-te-is-a-setaloutcak-mellett\/\"]}]},{\"@type\":\"ImageObject\",\"inLanguage\":\"en-US\",\"@id\":\"https:\/\/szineserzsebetvaros.hu\/allj-ki-te-is-a-setaloutcak-mellett\/#primaryimage\",\"url\":\"https:\/\/szineserzsebetvaros.hu\/wp-content\/uploads\/2025\/08\/Nevtelen-terv-4.jpg\",\"contentUrl\":\"https:\/\/szineserzsebetvaros.hu\/wp-content\/uploads\/2025\/08\/Nevtelen-terv-4.jpg\",\"width\":1200,\"height\":630},{\"@type\":\"BreadcrumbList\",\"@id\":\"https:\/\/szineserzsebetvaros.hu\/allj-ki-te-is-a-setaloutcak-mellett\/#breadcrumb\",\"itemListElement\":[{\"@type\":\"ListItem\",\"position\":1,\"name\":\"Kezd\u0151lap\",\"item\":\"https:\/\/szineserzsebetvaros.hu\/\"},{\"@type\":\"ListItem\",\"position\":2,\"name\":\"T\u00e1mogasd te is a s\u00e9t\u00e1l\u00f3utc\u00e1kat\"}]},{\"@type\":\"WebSite\",\"@id\":\"https:\/\/szineserzsebetvaros.hu\/#website\",\"url\":\"https:\/\/szineserzsebetvaros.hu\/\",\"name\":\"Sz\u00ednes Erzs\u00e9betv\u00e1ros\",\"description\":\"Erzs\u00e9betv\u00e1ros, Budapest VII. ker\u00fclet\u00e9nek port\u00e1lja\",\"publisher\":{\"@id\":\"https:\/\/szineserzsebetvaros.hu\/#organization\"},\"potentialAction\":[{\"@type\":\"SearchAction\",\"target\":{\"@type\":\"EntryPoint\",\"urlTemplate\":\"https:\/\/szineserzsebetvaros.hu\/?s={search_term_string}\"},\"query-input\":{\"@type\":\"PropertyValueSpecification\",\"valueRequired\":true,\"valueName\":\"search_term_string\"}}],\"inLanguage\":\"en-US\"},{\"@type\":\"Organization\",\"@id\":\"https:\/\/szineserzsebetvaros.hu\/#organization\",\"name\":\"Sz\u00ednes Erzs\u00e9betv\u00e1ros\",\"url\":\"https:\/\/szineserzsebetvaros.hu\/\",\"logo\":{\"@type\":\"ImageObject\",\"inLanguage\":\"en-US\",\"@id\":\"https:\/\/szineserzsebetvaros.hu\/#\/schema\/logo\/image\/\",\"url\":\"https:\/\/szineserzsebetvaros.hu\/wp-content\/uploads\/2024\/10\/SZEVlogo_color-2.png\",\"contentUrl\":\"https:\/\/szineserzsebetvaros.hu\/wp-content\/uploads\/2024\/10\/SZEVlogo_color-2.png\",\"width\":350,\"height\":102,\"caption\":\"Sz\u00ednes Erzs\u00e9betv\u00e1ros\"},\"image\":{\"@id\":\"https:\/\/szineserzsebetvaros.hu\/#\/schema\/logo\/image\/\"},\"sameAs\":[\"https:\/\/www.facebook.com\/szineserzsebetvaros\"]}]}<\/script>\n<!-- \/ Yoast SEO Premium plugin. -->","yoast_head_json":{"title":"T\u00e1mogasd te is a s\u00e9t\u00e1l\u00f3utc\u00e1kat - Sz\u00ednes Erzs\u00e9betv\u00e1ros","robots":{"index":"index","follow":"follow","max-snippet":"max-snippet:-1","max-image-preview":"max-image-preview:large","max-video-preview":"max-video-preview:-1"},"canonical":"https:\/\/szineserzsebetvaros.hu\/en\/allj-ki-te-is-a-setaloutcak-mellett\/","og_locale":"en_US","og_type":"article","og_title":"T\u00e1mogasd te is a s\u00e9t\u00e1l\u00f3utc\u00e1kat","og_description":"\u00c1llj ki te is egy al\u00e1\u00edr\u00e1ssal a s\u00e9t\u00e1l\u00f3utc\u00e1k mellett \u00c1llj ki egy al\u00e1\u00edr\u00e1ssal a s\u00e9t\u00e1l\u00f3utc\u00e1k mellett! Most v\u00e9gre kipr\u00f3b\u00e1lhattuk azt, hogy milyenek az \u00e9lhet\u0151bb, z\u00f6ldebb, nyugodtabb utc\u00e1k, amelyek nem az aut\u00f3k\u00e9, hanem az emberek\u00e9. Kipr\u00f3b\u00e1lhattuk, hogy milyen az, ha n\u00e9h\u00e1ny sz\u0171k utca nem a dud\u00e1l\u00e1sr\u00f3l, hanem a k\u00e9nyelmes \u00e9s biztons\u00e1gos s\u00e9t\u00e1r\u00f3l sz\u00f3l. Kipr\u00f3b\u00e1lhattuk azt, hogy [&hellip;]","og_url":"https:\/\/szineserzsebetvaros.hu\/en\/allj-ki-te-is-a-setaloutcak-mellett\/","og_site_name":"Sz\u00ednes Erzs\u00e9betv\u00e1ros","article_publisher":"https:\/\/www.facebook.com\/szineserzsebetvaros","article_modified_time":"2025-08-15T06:35:51+00:00","og_image":[{"width":1200,"height":630,"url":"https:\/\/szineserzsebetvaros.hu\/wp-content\/uploads\/2025\/08\/Nevtelen-terv-4.jpg","type":"image\/jpeg"}],"twitter_card":"summary_large_image","twitter_misc":{"Est. reading time":"1 minute"},"schema":{"@context":"https:\/\/schema.org","@graph":[{"@type":"WebPage","@id":"https:\/\/szineserzsebetvaros.hu\/allj-ki-te-is-a-setaloutcak-mellett\/","url":"https:\/\/szineserzsebetvaros.hu\/allj-ki-te-is-a-setaloutcak-mellett\/","name":"T\u00e1mogasd te is a s\u00e9t\u00e1l\u00f3utc\u00e1kat - Sz\u00ednes Erzs\u00e9betv\u00e1ros","isPartOf":{"@id":"https:\/\/szineserzsebetvaros.hu\/#website"},"primaryImageOfPage":{"@id":"https:\/\/szineserzsebetvaros.hu\/allj-ki-te-is-a-setaloutcak-mellett\/#primaryimage"},"image":{"@id":"https:\/\/szineserzsebetvaros.hu\/allj-ki-te-is-a-setaloutcak-mellett\/#primaryimage"},"thumbnailUrl":"https:\/\/szineserzsebetvaros.hu\/wp-content\/uploads\/2025\/08\/Nevtelen-terv-4.jpg","datePublished":"2025-07-09T20:30:41+00:00","dateModified":"2025-08-15T06:35:51+00:00","breadcrumb":{"@id":"https:\/\/szineserzsebetvaros.hu\/allj-ki-te-is-a-setaloutcak-mellett\/#breadcrumb"},"inLanguage":"en-US","potentialAction":[{"@type":"ReadAction","target":["https:\/\/szineserzsebetvaros.hu\/allj-ki-te-is-a-setaloutcak-mellett\/"]}]},{"@type":"ImageObject","inLanguage":"en-US","@id":"https:\/\/szineserzsebetvaros.hu\/allj-ki-te-is-a-setaloutcak-mellett\/#primaryimage","url":"https:\/\/szineserzsebetvaros.hu\/wp-content\/uploads\/2025\/08\/Nevtelen-terv-4.jpg","contentUrl":"https:\/\/szineserzsebetvaros.hu\/wp-content\/uploads\/2025\/08\/Nevtelen-terv-4.jpg","width":1200,"height":630},{"@type":"BreadcrumbList","@id":"https:\/\/szineserzsebetvaros.hu\/allj-ki-te-is-a-setaloutcak-mellett\/#breadcrumb","itemListElement":[{"@type":"ListItem","position":1,"name":"Kezd\u0151lap","item":"https:\/\/szineserzsebetvaros.hu\/"},{"@type":"ListItem","position":2,"name":"T\u00e1mogasd te is a s\u00e9t\u00e1l\u00f3utc\u00e1kat"}]},{"@type":"WebSite","@id":"https:\/\/szineserzsebetvaros.hu\/#website","url":"https:\/\/szineserzsebetvaros.hu\/","name":"Sz\u00ednes Erzs\u00e9betv\u00e1ros","description":"Erzs\u00e9betv\u00e1ros, Budapest VII. ker\u00fclet\u00e9nek port\u00e1lja","publisher":{"@id":"https:\/\/szineserzsebetvaros.hu\/#organization"},"potentialAction":[{"@type":"SearchAction","target":{"@type":"EntryPoint","urlTemplate":"https:\/\/szineserzsebetvaros.hu\/?s={search_term_string}"},"query-input":{"@type":"PropertyValueSpecification","valueRequired":true,"valueName":"search_term_string"}}],"inLanguage":"en-US"},{"@type":"Organization","@id":"https:\/\/szineserzsebetvaros.hu\/#organization","name":"Sz\u00ednes Erzs\u00e9betv\u00e1ros","url":"https:\/\/szineserzsebetvaros.hu\/","logo":{"@type":"ImageObject","inLanguage":"en-US","@id":"https:\/\/szineserzsebetvaros.hu\/#\/schema\/logo\/image\/","url":"https:\/\/szineserzsebetvaros.hu\/wp-content\/uploads\/2024\/10\/SZEVlogo_color-2.png","contentUrl":"https:\/\/szineserzsebetvaros.hu\/wp-content\/uploads\/2024\/10\/SZEVlogo_color-2.png","width":350,"height":102,"caption":"Sz\u00ednes Erzs\u00e9betv\u00e1ros"},"image":{"@id":"https:\/\/szineserzsebetvaros.hu\/#\/schema\/logo\/image\/"},"sameAs":["https:\/\/www.facebook.com\/szineserzsebetvaros"]}]}},"campaignId":"","_links":{"self":[{"href":"https:\/\/szineserzsebetvaros.hu\/en\/wp-json\/wp\/v2\/pages\/1386","targetHints":{"allow":["GET"]}}],"collection":[{"href":"https:\/\/szineserzsebetvaros.hu\/en\/wp-json\/wp\/v2\/pages"}],"about":[{"href":"https:\/\/szineserzsebetvaros.hu\/en\/wp-json\/wp\/v2\/types\/page"}],"author":[{"embeddable":true,"href":"https:\/\/szineserzsebetvaros.hu\/en\/wp-json\/wp\/v2\/users\/1"}],"replies":[{"embeddable":true,"href":"https:\/\/szineserzsebetvaros.hu\/en\/wp-json\/wp\/v2\/comments?post=1386"}],"version-history":[{"count":26,"href":"https:\/\/szineserzsebetvaros.hu\/en\/wp-json\/wp\/v2\/pages\/1386\/revisions"}],"predecessor-version":[{"id":1453,"href":"https:\/\/szineserzsebetvaros.hu\/en\/wp-json\/wp\/v2\/pages\/1386\/revisions\/1453"}],"wp:featuredmedia":[{"embeddable":true,"href":"https:\/\/szineserzsebetvaros.hu\/en\/wp-json\/wp\/v2\/media\/1446"}],"wp:attachment":[{"href":"https:\/\/szineserzsebetvaros.hu\/en\/wp-json\/wp\/v2\/media?parent=1386"}],"curies":[{"name":"wp","href":"https:\/\/api.w.org\/{rel}","templated":true}]}}